{"id":131,"date":"2023-09-27T07:09:59","date_gmt":"2023-09-27T07:09:59","guid":{"rendered":"https:\/\/www.blnpalao.com\/?page_id=131"},"modified":"2025-06-17T15:45:58","modified_gmt":"2025-06-17T15:45:58","slug":"aviso-legal","status":"publish","type":"page","link":"https:\/\/www.blnpalao.com\/en\/aviso-legal\/","title":{"rendered":"Legal Notice"},"content":{"rendered":"<p>[et_pb_section fb_built=\u00bb1&#8243; custom_padding_last_edited=\u00bbon|desktop\u00bb admin_label=\u00bbsection\u00bb _builder_version=\u00bb4.20.1&#8243; background_enable_color=\u00bboff\u00bb use_background_color_gradient=\u00bbon\u00bb background_color_gradient_stops=\u00bb#d4d4d4 28%|#7b7b7b 100%\u00bb background_image=\u00bbhttps:\/\/www.blnpalao.com\/wp-content\/uploads\/2024\/01\/justice-423446_640.jpg\u00bb background_blend=\u00bbmultiply\u00bb height_tablet=\u00bb\u00bb height_phone=\u00bb\u00bb height_last_edited=\u00bbon|phone\u00bb custom_padding=\u00bb0px||0px||true|false\u00bb custom_padding_tablet=\u00bb0px||0px||true|false\u00bb custom_padding_phone=\u00bb0px||0px||true|false\u00bb locked=\u00bboff\u00bb global_colors_info=\u00bb{}\u00bb][et_pb_row admin_label=\u00bbrow\u00bb _builder_version=\u00bb4.20.1&#8243; background_size=\u00bbinitial\u00bb background_position=\u00bbtop_left\u00bb background_repeat=\u00bbrepeat\u00bb custom_margin=\u00bb-56px|auto||auto||\u00bb global_colors_info=\u00bb{}\u00bb][et_pb_column type=\u00bb4_4&#8243; _builder_version=\u00bb4.20.1&#8243; custom_padding=\u00bb|||\u00bb global_colors_info=\u00bb{}\u00bb custom_padding__hover=\u00bb|||\u00bb][et_pb_text admin_label=\u00bbText\u00bb _builder_version=\u00bb4.16&#8243; background_size=\u00bbinitial\u00bb background_position=\u00bbtop_left\u00bb background_repeat=\u00bbrepeat\u00bb global_colors_info=\u00bb{}\u00bb][\/et_pb_text][et_pb_text _builder_version=\u00bb4.20.1&#8243; _module_preset=\u00bbb6cb9bd8-0fbd-4699-b58d-51b3d480db23&#8243; text_font_size=\u00bb10px\u00bb header_font=\u00bb|||on|||||\u00bb header_text_align=\u00bbcenter\u00bb header_text_color=\u00bb#FFFFFF\u00bb header_font_size=\u00bb53px\u00bb header_line_height=\u00bb1.2em\u00bb header_2_font=\u00bbOswald|500||on|||||\u00bb header_2_text_color=\u00bb#FFFFFF\u00bb header_2_font_size=\u00bb52px\u00bb header_2_line_height=\u00bb1.2em\u00bb header_3_font=\u00bbOswald|500|||||||\u00bb header_3_text_color=\u00bb#FFFFFF\u00bb header_3_font_size=\u00bb36px\u00bb text_orientation=\u00bbcenter\u00bb custom_margin=\u00bb8%||8%||false|false\u00bb custom_margin_tablet=\u00bb\u00bb custom_margin_phone=\u00bb0%||0px||false|false\u00bb custom_margin_last_edited=\u00bbon|phone\u00bb header_font_size_tablet=\u00bb35px\u00bb header_font_size_phone=\u00bb20px\u00bb header_font_size_last_edited=\u00bbon|phone\u00bb header_2_font_size_tablet=\u00bb32px\u00bb header_2_font_size_phone=\u00bb20px\u00bb header_2_font_size_last_edited=\u00bbon|tablet\u00bb header_2_line_height_tablet=\u00bb1.3em\u00bb header_2_line_height_phone=\u00bb1.4em\u00bb header_2_line_height_last_edited=\u00bbon|phone\u00bb locked=\u00bboff\u00bb global_colors_info=\u00bb{}\u00bb]<\/p>\n<h1>aviso legal<\/h1>\n<p>[\/et_pb_text][\/et_pb_column][\/et_pb_row][\/et_pb_section][et_pb_section fb_built=\u00bb1&#8243; _builder_version=\u00bb4.20.1&#8243; _module_preset=\u00bbdefault\u00bb global_colors_info=\u00bb{}\u00bb][et_pb_row _builder_version=\u00bb4.20.1&#8243; _module_preset=\u00bbdefault\u00bb global_colors_info=\u00bb{}\u00bb][et_pb_column type=\u00bb4_4&#8243; _builder_version=\u00bb4.20.1&#8243; _module_preset=\u00bbdefault\u00bb global_colors_info=\u00bb{}\u00bb][et_pb_text _builder_version=\u00bb4.20.1&#8243; _module_preset=\u00bbdefault\u00bb global_colors_info=\u00bb{}\u00bb]En este apartado se encuentran establecidas las condiciones generales de uso de la p\u00e1gina Web <a href=\"https:\/\/www.blnpalao.com\" target=\"_blank\" rel=\"noopener\">www.blnpalao.com<\/a>. Sugerimos al usuario que lea atentamente este Aviso Legal, record\u00e1ndole que <strong>si utiliza nuestro sitio Web declara la aceptaci\u00f3n plena de todos los apartados vigentes en cada momento en que el usuario acceda a esta p\u00e1gina<\/strong>.[\/et_pb_text][et_pb_text _builder_version=\u00bb4.20.1&#8243; _module_preset=\u00bbdefault\u00bb header_2_font=\u00bb|600|||||||\u00bb header_2_text_align=\u00bbcenter\u00bb custom_padding=\u00bb20px||||false|false\u00bb custom_padding_tablet=\u00bb20px||||false|false\u00bb custom_padding_phone=\u00bb20px||||false|false\u00bb custom_padding_last_edited=\u00bbon|desktop\u00bb global_colors_info=\u00bb{}\u00bb]<\/p>\n<h2>T\u00c9RMINOS DE USO<\/h2>\n<p>[\/et_pb_text][et_pb_text _builder_version=\u00bb4.20.1&#8243; _module_preset=\u00bbdefault\u00bb global_colors_info=\u00bb{}\u00bb]El usuario se compromete a hacer un uso adecuado y l\u00edcito del sitio Web y de sus contenidos, de conformidad con la legislaci\u00f3n aplicable, los presentes T\u00e9rminos de Uso, la <a href=\"https:\/\/www.blnpalao.com\/politica-de-privacidad\/\" target=\"_blank\" rel=\"noopener\">pol\u00edtica de privacidad<\/a>, las buenas costumbres generalmente aceptadas y el orden p\u00fablico.<\/p>\n<p>Este sitio Web contiene materiales preparados por <span class=\"texto-destacado\">bln palao abogados, S.L.P.<\/span> con fines \u00fanicamente informativos por lo que tales materiales podr\u00edan no reflejar el estado legislativo o jurisprudencial m\u00e1s reciente sobre las cuestiones analizadas y no deben ser considerados, bajo ning\u00fan concepto, como constitutivos de asesoramiento legal de otra naturaleza. El acceso a estos materiales no establece ni implica relaci\u00f3n alguna entre abogado y cliente, ni cualquier tipo de relaci\u00f3n de confianza o profesional entre <span class=\"texto-destacado\"> bln palao abogados, S.L.P. <\/span>y el usuario de este sitio Web. Por ello, el usuario no debe enviar a <span class=\"texto-destacado\">bln palao abogados, S.L.P.<\/span> ning\u00fan tipo de informaci\u00f3n confidencial sin haberlo consultado previamente con alguno de nuestros abogados y haber recibido de los mismos autorizaci\u00f3n para remitir dicha informaci\u00f3n.<\/p>\n<p>Del mismo modo, estos materiales pueden ser modificados, desarrollados o actualizados sin notificaci\u00f3n previa.[\/et_pb_text][et_pb_text _builder_version=\u00bb4.20.1&#8243; _module_preset=\u00bbdefault\u00bb header_2_font=\u00bb|600|||||||\u00bb header_2_text_align=\u00bbcenter\u00bb custom_margin=\u00bb||||false|false\u00bb custom_margin_tablet=\u00bb||||false|false\u00bb custom_margin_phone=\u00bb||||false|false\u00bb custom_margin_last_edited=\u00bbon|desktop\u00bb custom_padding=\u00bb20px||||false|false\u00bb custom_padding_tablet=\u00bb20px||||false|false\u00bb custom_padding_phone=\u00bb20px||||false|false\u00bb custom_padding_last_edited=\u00bbon|desktop\u00bb global_colors_info=\u00bb{}\u00bb]<\/p>\n<h2>AVISO LEGAL<\/h2>\n<p>[\/et_pb_text][et_pb_text _builder_version=\u00bb4.27.4&#8243; _module_preset=\u00bbdefault\u00bb hover_enabled=\u00bb0&#8243; global_colors_info=\u00bb{}\u00bb sticky_enabled=\u00bb0&#8243;]<\/p>\n<p>La p\u00e1gina Web <a href=\"https:\/\/www.blnpalao.com\" target=\"_blank\" rel=\"noopener\">www.blnpalao.com<\/a> pertenece a <span class=\"texto-destacado\">bln palao abogados, S.L.P.<\/span> con NIF <strong>B87041505<\/strong> e inscrita en el Registro Mercantil de Madrid, Tomo 32.452, Folio: 10, Secci\u00f3n: 8, Hoja: M-584104, Inscripci\u00f3n 1\u00aa, con domicilio social en la calle Pedro Muguruza 1, 28036 Madrid. Los servicios que se prestan a trav\u00e9s de esta Web se realizan por profesionales, Abogados, con el t\u00edtulo acad\u00e9mico de licenciado en derecho.<\/p>\n<p>Las normas profesionales aplicables al ejercicio de la Abogac\u00eda est\u00e1n recogidas en el Estatuto General de la Abogaci\u00f3n Espa\u00f1ola, aprobado por Real Decreto 658\/2001, de 22 de junio, estando sujetos asimismo a la aplicaci\u00f3n del C\u00f3digo Deontol\u00f3gico de la Abogaci\u00f3n Espa\u00f1ola de fecha 30 de julio de 2000, aprobado por el Pleno del Consejo General de la Abogac\u00eda Espa\u00f1ola el 30 de junio de 2000.<\/p>\n<p>El propietario de este dominio le informa de que de la finalidad de este sitio Web es publicitaria e informativa y le ofrece la posibilidad de contactar o solicitar informaci\u00f3n m\u00e1s detallada de los servicios que presta el despacho. Los datos personales que Ud. nos facilite quedar\u00e1n incorporados y ser\u00e1n tratados en el Registro de tratamiento de datos titularidad de <span class=\"texto-destacado\">bln palao abogados, S.L.P.<\/span> con la finalidad de poder gestionar su solicitud, as\u00ed como de mantenerlo informado de futuras promociones, noticias y novedades relacionadas con la actividad v\u00eda correo electr\u00f3nico o cualquier otro medio de comunicaci\u00f3n ya sea electr\u00f3nico o f\u00edsico, salvo que no contemos con su consentimiento expreso al efecto. <span class=\"texto-destacado\">Bln palao abogados, S.L.P.<\/span> se compromete a no utilizar o ceder estos datos para cualquier otra finalidad distinta de la mencionada previamente.<\/p>\n<p>[\/et_pb_text][et_pb_text _builder_version=\u00bb4.20.1&#8243; _module_preset=\u00bbdefault\u00bb header_2_font=\u00bb|600|||||||\u00bb header_2_text_align=\u00bbcenter\u00bb custom_margin=\u00bb||||false|false\u00bb custom_margin_tablet=\u00bb||||false|false\u00bb custom_margin_phone=\u00bb||||false|false\u00bb custom_margin_last_edited=\u00bbon|desktop\u00bb custom_padding=\u00bb20px||||false|false\u00bb custom_padding_tablet=\u00bb20px||||false|false\u00bb custom_padding_phone=\u00bb20px||||false|false\u00bb custom_padding_last_edited=\u00bbon|desktop\u00bb global_colors_info=\u00bb{}\u00bb]<\/p>\n<h2>LIMITACI\u00d3N DE RESPONSABILIDAD<\/h2>\n<p>[\/et_pb_text][et_pb_text _builder_version=\u00bb4.20.1&#8243; _module_preset=\u00bbdefault\u00bb global_colors_info=\u00bb{}\u00bb]<span class=\"texto-destacado\">bln palao abogados, S.L.P.<\/span> no se responsabilizar\u00e1 de los posibles errores u omisiones que pudieran existir en los contenidos de este sitio Web. A su vez, dichos contenidos podr\u00e1n ser modificados, desarrollados o actualizados sin notificaci\u00f3n previa.<\/p>\n<p>Este sitio Web contiene v\u00ednculos a otras p\u00e1ginas web y o hace en la creencia de la buena fe de que tales contenidos cumplen con la ley. Esto no significa que <span class=\"texto-destacado\">bln palao abogados, S.L.P.<\/span> apruebe o recomiende los contenidos de los mismos. Si el usuario accede a ellos, lo hace bajo su responsabilidad. <span class=\"texto-destacado\">Bln palao abogados, S.L.P.<\/span> no asume garant\u00edas sobre la veracidad, exactitud o actualizaci\u00f3n de los contenidos, servicios, textos, gr\u00e1ficos y v\u00ednculos de tales sitios.<\/p>\n<p><span class=\"texto-destacado\">Bln palao abogados, S.L.P<\/span> tampoco se hace responsable de los da\u00f1os inform\u00e1ticos o de otro tipo que pudiera ocasionar al visitante el acceso al contenido de este sitio Web. Por ello no garantiza la ausencia de virus u otros elementos lesivos que pudieran causar da\u00f1os o alteraciones en el sistema inform\u00e1tico o en los correos electr\u00f3nicos.<\/p>\n<p>La violaci\u00f3n de la seguridad del sistema o red puede conllevar responsabilidades civiles o penales. <span class=\"texto-destacado\">Bln palao abogados, S.L.P.<\/span> se reserva el derecho a investigar las posibles violaciones de seguridad a este sitio Web o, a instancia de las autoridades competentes, podr\u00e1 contribuir en la investigaci\u00f3n de posibles violaciones.<\/p>\n<p><span class=\"texto-destacado\">Bln palao abogados, S.L.P.<\/span> no se responsabiliza de los da\u00f1os que pueda ocasionar un supuesto cese o imposibilidad de uso de este sitio Web y de sus contenidos, p\u00e9rdida de datos o interrupci\u00f3n del negocio, independientemente de haber sido o no advertido sobre dicha posibilidad.<\/p>\n<p>La prestaci\u00f3n del servicio de sitio Web y los T\u00e9rminos de Uso se rigen por lo previsto en la legislaci\u00f3n espa\u00f1ola. Las partes, cuando as\u00ed lo permita la ley, podr\u00e1n renunciar expresamente a cualquier otro fuero que pudiera corresponderles, acordando someterse a la jurisdicci\u00f3n de los Juzgados y Tribunales de la ciudad de Madrid, Espa\u00f1a.[\/et_pb_text][\/et_pb_column][\/et_pb_row][\/et_pb_section]<\/p>\n","protected":false},"excerpt":{"rendered":"<p>aviso legalEn este apartado se encuentran establecidas las condiciones generales de uso de la p\u00e1gina Web www.blnpalao.com. Sugerimos al usuario que lea atentamente este Aviso Legal, record\u00e1ndole que si utiliza nuestro sitio Web declara la aceptaci\u00f3n plena de todos los apartados vigentes en cada momento en que el usuario acceda a esta p\u00e1gina.T\u00c9RMINOS DE USOEl usuario se compromete a hacer un uso adecuado y l\u00edcito del sitio Web y de sus contenidos, de conformidad con la legislaci\u00f3n aplicable, los presentes T\u00e9rminos de Uso, la pol\u00edtica de privacidad, las buenas costumbres generalmente aceptadas y el orden p\u00fablico. Este sitio Web contiene materiales preparados por bln palao abogados, S.L.P. con fines \u00fanicamente informativos por lo que tales materiales podr\u00edan no reflejar el estado legislativo o jurisprudencial m\u00e1s reciente sobre las cuestiones analizadas y no deben ser considerados, bajo ning\u00fan concepto, como constitutivos de asesoramiento legal de otra naturaleza. El acceso a estos materiales no establece ni implica relaci\u00f3n alguna entre abogado y cliente, ni cualquier tipo de relaci\u00f3n de confianza o profesional entre bln palao abogados, S.L.P. y el usuario de este sitio Web. Por ello, el usuario no debe enviar a bln palao abogados, S.L.P. ning\u00fan tipo de informaci\u00f3n confidencial sin [&hellip;]<\/p>\n","protected":false},"author":4,"featured_media":0,"parent":0,"menu_order":0,"comment_status":"closed","ping_status":"closed","template":"","meta":{"_et_pb_use_builder":"on","_et_pb_old_content":"","_et_gb_content_width":"","_glsr_average":0,"_glsr_ranking":0,"_glsr_reviews":0,"footnotes":""},"class_list":["post-131","page","type-page","status-publish","hentry"],"yoast_head":"<!-- This site is optimized with the Yoast SEO plugin v27.4 - https:\/\/yoast.com\/product\/yoast-seo-wordpress\/ -->\n<title>Aviso Legal - bln palao abogados<\/title>\n<meta name=\"robots\" content=\"index, follow, max-snippet:-1, max-image-preview:large, max-video-preview:-1\" \/>\n<link rel=\"canonical\" href=\"https:\/\/www.blnpalao.com\/en\/aviso-legal\/\" \/>\n<meta property=\"og:locale\" content=\"en_GB\" \/>\n<meta property=\"og:type\" content=\"article\" \/>\n<meta property=\"og:title\" content=\"Aviso Legal - bln palao abogados\" \/>\n<meta property=\"og:description\" content=\"aviso legalEn este apartado se encuentran establecidas las condiciones generales de uso de la p\u00e1gina Web www.blnpalao.com. Sugerimos al usuario que lea atentamente este Aviso Legal, record\u00e1ndole que si utiliza nuestro sitio Web declara la aceptaci\u00f3n plena de todos los apartados vigentes en cada momento en que el usuario acceda a esta p\u00e1gina.T\u00c9RMINOS DE USOEl usuario se compromete a hacer un uso adecuado y l\u00edcito del sitio Web y de sus contenidos, de conformidad con la legislaci\u00f3n aplicable, los presentes T\u00e9rminos de Uso, la pol\u00edtica de privacidad, las buenas costumbres generalmente aceptadas y el orden p\u00fablico. Este sitio Web contiene materiales preparados por bln palao abogados, S.L.P. con fines \u00fanicamente informativos por lo que tales materiales podr\u00edan no reflejar el estado legislativo o jurisprudencial m\u00e1s reciente sobre las cuestiones analizadas y no deben ser considerados, bajo ning\u00fan concepto, como constitutivos de asesoramiento legal de otra naturaleza. El acceso a estos materiales no establece ni implica relaci\u00f3n alguna entre abogado y cliente, ni cualquier tipo de relaci\u00f3n de confianza o profesional entre bln palao abogados, S.L.P. y el usuario de este sitio Web. Por ello, el usuario no debe enviar a bln palao abogados, S.L.P. ning\u00fan tipo de informaci\u00f3n confidencial sin [&hellip;]\" \/>\n<meta property=\"og:url\" content=\"https:\/\/www.blnpalao.com\/en\/aviso-legal\/\" \/>\n<meta property=\"og:site_name\" content=\"bln palao abogados\" \/>\n<meta property=\"article:modified_time\" content=\"2025-06-17T15:45:58+00:00\" \/>\n<meta name=\"twitter:card\" content=\"summary_large_image\" \/>\n<meta name=\"twitter:label1\" content=\"Estimated reading time\" \/>\n\t<meta name=\"twitter:data1\" content=\"5 minutes\" \/>\n<script type=\"application\/ld+json\" class=\"yoast-schema-graph\">{\"@context\":\"https:\\\/\\\/schema.org\",\"@graph\":[{\"@type\":\"WebPage\",\"@id\":\"https:\\\/\\\/www.blnpalao.com\\\/aviso-legal\\\/\",\"url\":\"https:\\\/\\\/www.blnpalao.com\\\/aviso-legal\\\/\",\"name\":\"Aviso Legal - bln palao abogados\",\"isPartOf\":{\"@id\":\"https:\\\/\\\/www.blnpalao.com\\\/#website\"},\"datePublished\":\"2023-09-27T07:09:59+00:00\",\"dateModified\":\"2025-06-17T15:45:58+00:00\",\"breadcrumb\":{\"@id\":\"https:\\\/\\\/www.blnpalao.com\\\/aviso-legal\\\/#breadcrumb\"},\"inLanguage\":\"en-GB\",\"potentialAction\":[{\"@type\":\"ReadAction\",\"target\":[\"https:\\\/\\\/www.blnpalao.com\\\/aviso-legal\\\/\"]}]},{\"@type\":\"BreadcrumbList\",\"@id\":\"https:\\\/\\\/www.blnpalao.com\\\/aviso-legal\\\/#breadcrumb\",\"itemListElement\":[{\"@type\":\"ListItem\",\"position\":1,\"name\":\"Portada\",\"item\":\"https:\\\/\\\/www.blnpalao.com\\\/\"},{\"@type\":\"ListItem\",\"position\":2,\"name\":\"Aviso Legal\"}]},{\"@type\":\"WebSite\",\"@id\":\"https:\\\/\\\/www.blnpalao.com\\\/#website\",\"url\":\"https:\\\/\\\/www.blnpalao.com\\\/\",\"name\":\"bln palao abogados\",\"description\":\"Despacho boutique \u00fanico en el mercado\",\"potentialAction\":[{\"@type\":\"SearchAction\",\"target\":{\"@type\":\"EntryPoint\",\"urlTemplate\":\"https:\\\/\\\/www.blnpalao.com\\\/?s={search_term_string}\"},\"query-input\":{\"@type\":\"PropertyValueSpecification\",\"valueRequired\":true,\"valueName\":\"search_term_string\"}}],\"inLanguage\":\"en-GB\"}]}<\/script>\n<!-- \/ Yoast SEO plugin. -->","yoast_head_json":{"title":"Aviso Legal - bln palao abogados","robots":{"index":"index","follow":"follow","max-snippet":"max-snippet:-1","max-image-preview":"max-image-preview:large","max-video-preview":"max-video-preview:-1"},"canonical":"https:\/\/www.blnpalao.com\/en\/aviso-legal\/","og_locale":"en_GB","og_type":"article","og_title":"Aviso Legal - bln palao abogados","og_description":"aviso legalEn este apartado se encuentran establecidas las condiciones generales de uso de la p\u00e1gina Web www.blnpalao.com. Sugerimos al usuario que lea atentamente este Aviso Legal, record\u00e1ndole que si utiliza nuestro sitio Web declara la aceptaci\u00f3n plena de todos los apartados vigentes en cada momento en que el usuario acceda a esta p\u00e1gina.T\u00c9RMINOS DE USOEl usuario se compromete a hacer un uso adecuado y l\u00edcito del sitio Web y de sus contenidos, de conformidad con la legislaci\u00f3n aplicable, los presentes T\u00e9rminos de Uso, la pol\u00edtica de privacidad, las buenas costumbres generalmente aceptadas y el orden p\u00fablico. Este sitio Web contiene materiales preparados por bln palao abogados, S.L.P. con fines \u00fanicamente informativos por lo que tales materiales podr\u00edan no reflejar el estado legislativo o jurisprudencial m\u00e1s reciente sobre las cuestiones analizadas y no deben ser considerados, bajo ning\u00fan concepto, como constitutivos de asesoramiento legal de otra naturaleza. El acceso a estos materiales no establece ni implica relaci\u00f3n alguna entre abogado y cliente, ni cualquier tipo de relaci\u00f3n de confianza o profesional entre bln palao abogados, S.L.P. y el usuario de este sitio Web. Por ello, el usuario no debe enviar a bln palao abogados, S.L.P. ning\u00fan tipo de informaci\u00f3n confidencial sin [&hellip;]","og_url":"https:\/\/www.blnpalao.com\/en\/aviso-legal\/","og_site_name":"bln palao abogados","article_modified_time":"2025-06-17T15:45:58+00:00","twitter_card":"summary_large_image","twitter_misc":{"Estimated reading time":"5 minutes"},"schema":{"@context":"https:\/\/schema.org","@graph":[{"@type":"WebPage","@id":"https:\/\/www.blnpalao.com\/aviso-legal\/","url":"https:\/\/www.blnpalao.com\/aviso-legal\/","name":"Aviso Legal - bln palao abogados","isPartOf":{"@id":"https:\/\/www.blnpalao.com\/#website"},"datePublished":"2023-09-27T07:09:59+00:00","dateModified":"2025-06-17T15:45:58+00:00","breadcrumb":{"@id":"https:\/\/www.blnpalao.com\/aviso-legal\/#breadcrumb"},"inLanguage":"en-GB","potentialAction":[{"@type":"ReadAction","target":["https:\/\/www.blnpalao.com\/aviso-legal\/"]}]},{"@type":"BreadcrumbList","@id":"https:\/\/www.blnpalao.com\/aviso-legal\/#breadcrumb","itemListElement":[{"@type":"ListItem","position":1,"name":"Portada","item":"https:\/\/www.blnpalao.com\/"},{"@type":"ListItem","position":2,"name":"Aviso Legal"}]},{"@type":"WebSite","@id":"https:\/\/www.blnpalao.com\/#website","url":"https:\/\/www.blnpalao.com\/","name":"bln palao abogados","description":"Clearance boutique is unique in the market","potentialAction":[{"@type":"SearchAction","target":{"@type":"EntryPoint","urlTemplate":"https:\/\/www.blnpalao.com\/?s={search_term_string}"},"query-input":{"@type":"PropertyValueSpecification","valueRequired":true,"valueName":"search_term_string"}}],"inLanguage":"en-GB"}]}},"_links":{"self":[{"href":"https:\/\/www.blnpalao.com\/en\/wp-json\/wp\/v2\/pages\/131","targetHints":{"allow":["GET"]}}],"collection":[{"href":"https:\/\/www.blnpalao.com\/en\/wp-json\/wp\/v2\/pages"}],"about":[{"href":"https:\/\/www.blnpalao.com\/en\/wp-json\/wp\/v2\/types\/page"}],"author":[{"embeddable":true,"href":"https:\/\/www.blnpalao.com\/en\/wp-json\/wp\/v2\/users\/4"}],"replies":[{"embeddable":true,"href":"https:\/\/www.blnpalao.com\/en\/wp-json\/wp\/v2\/comments?post=131"}],"version-history":[{"count":29,"href":"https:\/\/www.blnpalao.com\/en\/wp-json\/wp\/v2\/pages\/131\/revisions"}],"predecessor-version":[{"id":2982,"href":"https:\/\/www.blnpalao.com\/en\/wp-json\/wp\/v2\/pages\/131\/revisions\/2982"}],"wp:attachment":[{"href":"https:\/\/www.blnpalao.com\/en\/wp-json\/wp\/v2\/media?parent=131"}],"curies":[{"name":"wp","href":"https:\/\/api.w.org\/{rel}","templated":true}]}}