{"id":145,"date":"2023-09-27T08:01:45","date_gmt":"2023-09-27T08:01:45","guid":{"rendered":"https:\/\/www.blnpalao.com\/?page_id=145"},"modified":"2024-01-17T14:34:30","modified_gmt":"2024-01-17T14:34:30","slug":"proteccion-de-datos","status":"publish","type":"page","link":"https:\/\/www.blnpalao.com\/en\/proteccion-de-datos\/","title":{"rendered":"Data protection"},"content":{"rendered":"<p>[et_pb_section fb_built=\u00bb1&#8243; custom_padding_last_edited=\u00bbon|desktop\u00bb admin_label=\u00bbsection\u00bb _builder_version=\u00bb4.20.1&#8243; background_enable_color=\u00bboff\u00bb use_background_color_gradient=\u00bbon\u00bb background_color_gradient_stops=\u00bb#d4d4d4 28%|#7b7b7b 100%\u00bb background_image=\u00bbhttps:\/\/www.blnpalao.com\/wp-content\/uploads\/2024\/01\/ley-proteccion-datos.jpg\u00bb background_blend=\u00bbmultiply\u00bb height_tablet=\u00bb\u00bb height_phone=\u00bb\u00bb height_last_edited=\u00bbon|phone\u00bb custom_padding=\u00bb0px||0px||true|false\u00bb custom_padding_tablet=\u00bb0px||0px||true|false\u00bb custom_padding_phone=\u00bb10px||10px||true|false\u00bb hover_enabled=\u00bb0&#8243; locked=\u00bboff\u00bb global_colors_info=\u00bb{}\u00bb sticky_enabled=\u00bb0&#8243; title_text=\u00bbley-proteccion-datos\u00bb background_position=\u00bbbottom_center\u00bb background_last_edited=\u00bbon|tablet\u00bb background_position_phone=\u00bbcenter\u00bb background_position_tablet=\u00bbcenter\u00bb][et_pb_row admin_label=\u00bbrow\u00bb _builder_version=\u00bb4.20.1&#8243; background_size=\u00bbinitial\u00bb background_position=\u00bbtop_left\u00bb background_repeat=\u00bbrepeat\u00bb custom_margin=\u00bb-56px|auto||auto||\u00bb global_colors_info=\u00bb{}\u00bb][et_pb_column type=\u00bb4_4&#8243; _builder_version=\u00bb4.20.1&#8243; custom_padding=\u00bb|||\u00bb global_colors_info=\u00bb{}\u00bb custom_padding__hover=\u00bb|||\u00bb][et_pb_text admin_label=\u00bbText\u00bb _builder_version=\u00bb4.16&#8243; background_size=\u00bbinitial\u00bb background_position=\u00bbtop_left\u00bb background_repeat=\u00bbrepeat\u00bb global_colors_info=\u00bb{}\u00bb][\/et_pb_text][et_pb_text _builder_version=\u00bb4.20.1&#8243; _module_preset=\u00bbb6cb9bd8-0fbd-4699-b58d-51b3d480db23&#8243; text_font_size=\u00bb10px\u00bb header_font=\u00bb|||on|||||\u00bb header_text_align=\u00bbcenter\u00bb header_text_color=\u00bb#FFFFFF\u00bb header_font_size=\u00bb53px\u00bb header_line_height=\u00bb1.2em\u00bb header_2_font=\u00bbOswald|500||on|||||\u00bb header_2_text_color=\u00bb#FFFFFF\u00bb header_2_font_size=\u00bb52px\u00bb header_2_line_height=\u00bb1.2em\u00bb header_3_font=\u00bbOswald|500|||||||\u00bb header_3_text_color=\u00bb#FFFFFF\u00bb header_3_font_size=\u00bb36px\u00bb text_orientation=\u00bbcenter\u00bb custom_margin=\u00bb8%||8%||false|false\u00bb custom_margin_tablet=\u00bb\u00bb custom_margin_phone=\u00bb0%||0px||false|false\u00bb custom_margin_last_edited=\u00bbon|phone\u00bb hover_enabled=\u00bb0&#8243; header_font_size_tablet=\u00bb35px\u00bb header_font_size_phone=\u00bb20px\u00bb header_font_size_last_edited=\u00bbon|phone\u00bb header_2_font_size_tablet=\u00bb32px\u00bb header_2_font_size_phone=\u00bb20px\u00bb header_2_font_size_last_edited=\u00bbon|tablet\u00bb header_2_line_height_tablet=\u00bb1.3em\u00bb header_2_line_height_phone=\u00bb1.4em\u00bb header_2_line_height_last_edited=\u00bbon|phone\u00bb locked=\u00bboff\u00bb global_colors_info=\u00bb{}\u00bb sticky_enabled=\u00bb0&#8243;]<\/p>\n<h1>Protecci\u00f3n de datos<\/h1>\n<p>[\/et_pb_text][\/et_pb_column][\/et_pb_row][\/et_pb_section][et_pb_section fb_built=\u00bb1&#8243; _builder_version=\u00bb4.20.1&#8243; _module_preset=\u00bbdefault\u00bb min_height=\u00bb796.2px\u00bb custom_margin=\u00bb0px||0px||false|false\u00bb custom_padding=\u00bb30px||0px||false|false\u00bb global_colors_info=\u00bb{}\u00bb][et_pb_row _builder_version=\u00bb4.20.1&#8243; _module_preset=\u00bbdefault\u00bb custom_margin=\u00bb0px||0px||false|false\u00bb custom_padding=\u00bb0px||0px||false|false\u00bb global_colors_info=\u00bb{}\u00bb][et_pb_column type=\u00bb4_4&#8243; _builder_version=\u00bb4.20.1&#8243; _module_preset=\u00bbdefault\u00bb global_colors_info=\u00bb{}\u00bb][et_pb_text _builder_version=\u00bb4.20.1&#8243; _module_preset=\u00bbdefault\u00bb global_colors_info=\u00bb{}\u00bb]Algunos de los servicios incluidos en este sitio Web exigen la recogida de datos personales que se consideran imprescindibles para la prestaci\u00f3n de los mismos por <span class=\"texto-destacado\">bln palao abogados, S.L.P.<\/span> Durante el proceso de recogida de los datos, el usuario ser\u00e1 informado del car\u00e1cter necesario de los mismos. Si no se facilitan estos datos obligatorios, no ser\u00e1 posible la prestaci\u00f3n de tales servicios.<\/p>\n<p>La informaci\u00f3n que recibe<span class=\"texto-destacado\"> bln palao abogados, S.L.P.<\/span> de los usuarios de este sitio Web, a trav\u00e9s de diferentes formularios (consultas on-line o contrataci\u00f3n de servicios) es objeto de tratamiento automatizado y se incorpora a ficheros de su titularidad, siendo responsable del tratamiento de los datos la entidad <span class=\"texto-destacado\">bln palao abogados, S.L.P.<\/span>, con domicilio social en la calle Pedro Muguruza n\u00ba 1, 28036 Madrid, tel\u00e9fono +34 918 318 008 y NIF B87041505.<\/p>\n<p>El env\u00edo de correos electr\u00f3nicos o la cumplimentaci\u00f3n de formularios incluidos en el presente sitio Web implica que Ud. ha dado su consentimiento expreso a la inclusi\u00f3n de sus datos de car\u00e1cter personal en los tratamientos referidos anteriormente y su consentimiento a que sus datos sean utilizados para el env\u00edo de comunicaciones comerciales por correo electr\u00f3nico o por cualquier otro medio de comunicaci\u00f3n. Este consentimiento se solicitar\u00e1, expl\u00edcitamente, antes de enviar los datos en cada pesta\u00f1a habilitada al efecto.<\/p>\n<p>En relaci\u00f3n con los datos recabados de la forma prevista en los apartados anteriores, el usuario podr\u00e1 ejercitar los derechos reconocidos por la ley y, en particular, los derechos de acceso, rectificaci\u00f3n o cancelaci\u00f3n de datos, portabilidad, limitaci\u00f3n, bloqueo y oposici\u00f3n, si resultase pertinente, as\u00ed como el derecho a revocar el consentimiento prestado para la cesi\u00f3n de sus datos en cualquier momento. Tales derechos podr\u00e1n ser ejercitados por el usuario o, en su caso, por quien lo represente, mediante una solicitud escrita y firmada, dirigida a la siguiente direcci\u00f3n: calle Hermosilla 64, 7\u00baD, 28001 Madrid o a la siguiente direcci\u00f3n de correo electr\u00f3nico <a href=\"mailto:info@blnpalao.com\">info@blnpalao.com<\/a><\/p>\n<p>La solicitud anteriormente referida deber\u00e1, como m\u00ednimo, contener los siguientes datos:<\/p>\n<ul class=\"lista-desordenada\">\n<li><span class=\"elemento-desordenado\">Nombre y apellidos del usuario.<\/span><\/li>\n<li><span class=\"elemento-desordenado\">Domicilio a efectos de notificaciones.<\/span><\/li>\n<li><span class=\"elemento-desordenado\">Fotocopia del Documento Nacional de Identidad (DNI) o pasaporte.<\/span><\/li>\n<li><span class=\"elemento-desordenado\">Contenido concreto del derecho que se quiere ejercitar.<\/span><span class=\"elemento-desordenado\"><\/span><\/li>\n<\/ul>\n<p><span class=\"texto-destacado\">Bln palao abogados, S.L.P.<\/span> utiliza <em>cookies<\/em> para acceder a la informaci\u00f3n relativa a los usuarios del sitio Web, de acuerdo con los t\u00e9rminos establecidos en nuestra pol\u00edtica de <em>cookies<\/em>.<\/p>\n<p><span class=\"texto-destacado\">Bln palao abogados, S.L.P.<\/span> guardar\u00e1 los datos de car\u00e1cter personal que haya recabado durante los plazos necesarios para el cumplimiento de la relaci\u00f3n contractual o durante los plazos legalmente establecidos, y adoptar\u00e1 las medidas necesarias para evitar su alteraci\u00f3n, p\u00e9rdida, tratamiento o acceso no autorizado, de conformidad con los criterios legalmente establecidos al efecto. Todos los datos facilitados, con independencia de su car\u00e1cter, est\u00e1n protegidos por el deber de confidencialidad del abogado.[\/et_pb_text][\/et_pb_column][\/et_pb_row][\/et_pb_section]<\/p>\n","protected":false},"excerpt":{"rendered":"<p>Protecci\u00f3n de datosAlgunos de los servicios incluidos en este sitio Web exigen la recogida de datos personales que se consideran imprescindibles para la prestaci\u00f3n de los mismos por bln palao abogados, S.L.P. Durante el proceso de recogida de los datos, el usuario ser\u00e1 informado del car\u00e1cter necesario de los mismos. Si no se facilitan estos datos obligatorios, no ser\u00e1 posible la prestaci\u00f3n de tales servicios. La informaci\u00f3n que recibe bln palao abogados, S.L.P. de los usuarios de este sitio Web, a trav\u00e9s de diferentes formularios (consultas on-line o contrataci\u00f3n de servicios) es objeto de tratamiento automatizado y se incorpora a ficheros de su titularidad, siendo responsable del tratamiento de los datos la entidad bln palao abogados, S.L.P., con domicilio social en la calle Pedro Muguruza n\u00ba 1, 28036 Madrid, tel\u00e9fono +34 918 318 008 y NIF B87041505. El env\u00edo de correos electr\u00f3nicos o la cumplimentaci\u00f3n de formularios incluidos en el presente sitio Web implica que Ud. ha dado su consentimiento expreso a la inclusi\u00f3n de sus datos de car\u00e1cter personal en los tratamientos referidos anteriormente y su consentimiento a que sus datos sean utilizados para el env\u00edo de comunicaciones comerciales por correo electr\u00f3nico o por cualquier otro medio de comunicaci\u00f3n. [&hellip;]<\/p>\n","protected":false},"author":4,"featured_media":0,"parent":0,"menu_order":0,"comment_status":"closed","ping_status":"closed","template":"","meta":{"_et_pb_use_builder":"on","_et_pb_old_content":"","_et_gb_content_width":"","_glsr_average":0,"_glsr_ranking":0,"_glsr_reviews":0,"footnotes":""},"class_list":["post-145","page","type-page","status-publish","hentry"],"yoast_head":"<!-- This site is optimized with the Yoast SEO plugin v27.4 - https:\/\/yoast.com\/product\/yoast-seo-wordpress\/ -->\n<title>Protecci\u00f3n de Datos - bln palao abogados<\/title>\n<meta name=\"robots\" content=\"index, follow, max-snippet:-1, max-image-preview:large, max-video-preview:-1\" \/>\n<link rel=\"canonical\" href=\"https:\/\/www.blnpalao.com\/en\/proteccion-de-datos\/\" \/>\n<meta property=\"og:locale\" content=\"en_GB\" \/>\n<meta property=\"og:type\" content=\"article\" \/>\n<meta property=\"og:title\" content=\"Protecci\u00f3n de Datos - bln palao abogados\" \/>\n<meta property=\"og:description\" content=\"Protecci\u00f3n de datosAlgunos de los servicios incluidos en este sitio Web exigen la recogida de datos personales que se consideran imprescindibles para la prestaci\u00f3n de los mismos por bln palao abogados, S.L.P. Durante el proceso de recogida de los datos, el usuario ser\u00e1 informado del car\u00e1cter necesario de los mismos. Si no se facilitan estos datos obligatorios, no ser\u00e1 posible la prestaci\u00f3n de tales servicios. La informaci\u00f3n que recibe bln palao abogados, S.L.P. de los usuarios de este sitio Web, a trav\u00e9s de diferentes formularios (consultas on-line o contrataci\u00f3n de servicios) es objeto de tratamiento automatizado y se incorpora a ficheros de su titularidad, siendo responsable del tratamiento de los datos la entidad bln palao abogados, S.L.P., con domicilio social en la calle Pedro Muguruza n\u00ba 1, 28036 Madrid, tel\u00e9fono +34 918 318 008 y NIF B87041505. El env\u00edo de correos electr\u00f3nicos o la cumplimentaci\u00f3n de formularios incluidos en el presente sitio Web implica que Ud. ha dado su consentimiento expreso a la inclusi\u00f3n de sus datos de car\u00e1cter personal en los tratamientos referidos anteriormente y su consentimiento a que sus datos sean utilizados para el env\u00edo de comunicaciones comerciales por correo electr\u00f3nico o por cualquier otro medio de comunicaci\u00f3n. [&hellip;]\" \/>\n<meta property=\"og:url\" content=\"https:\/\/www.blnpalao.com\/en\/proteccion-de-datos\/\" \/>\n<meta property=\"og:site_name\" content=\"bln palao abogados\" \/>\n<meta property=\"article:modified_time\" content=\"2024-01-17T14:34:30+00:00\" \/>\n<meta name=\"twitter:card\" content=\"summary_large_image\" \/>\n<meta name=\"twitter:label1\" content=\"Estimated reading time\" \/>\n\t<meta name=\"twitter:data1\" content=\"3 minutes\" \/>\n<script type=\"application\/ld+json\" class=\"yoast-schema-graph\">{\"@context\":\"https:\\\/\\\/schema.org\",\"@graph\":[{\"@type\":\"WebPage\",\"@id\":\"https:\\\/\\\/www.blnpalao.com\\\/proteccion-de-datos\\\/\",\"url\":\"https:\\\/\\\/www.blnpalao.com\\\/proteccion-de-datos\\\/\",\"name\":\"Protecci\u00f3n de Datos - bln palao abogados\",\"isPartOf\":{\"@id\":\"https:\\\/\\\/www.blnpalao.com\\\/#website\"},\"datePublished\":\"2023-09-27T08:01:45+00:00\",\"dateModified\":\"2024-01-17T14:34:30+00:00\",\"breadcrumb\":{\"@id\":\"https:\\\/\\\/www.blnpalao.com\\\/proteccion-de-datos\\\/#breadcrumb\"},\"inLanguage\":\"en-GB\",\"potentialAction\":[{\"@type\":\"ReadAction\",\"target\":[\"https:\\\/\\\/www.blnpalao.com\\\/proteccion-de-datos\\\/\"]}]},{\"@type\":\"BreadcrumbList\",\"@id\":\"https:\\\/\\\/www.blnpalao.com\\\/proteccion-de-datos\\\/#breadcrumb\",\"itemListElement\":[{\"@type\":\"ListItem\",\"position\":1,\"name\":\"Portada\",\"item\":\"https:\\\/\\\/www.blnpalao.com\\\/\"},{\"@type\":\"ListItem\",\"position\":2,\"name\":\"Protecci\u00f3n de Datos\"}]},{\"@type\":\"WebSite\",\"@id\":\"https:\\\/\\\/www.blnpalao.com\\\/#website\",\"url\":\"https:\\\/\\\/www.blnpalao.com\\\/\",\"name\":\"bln palao abogados\",\"description\":\"Despacho boutique \u00fanico en el mercado\",\"potentialAction\":[{\"@type\":\"SearchAction\",\"target\":{\"@type\":\"EntryPoint\",\"urlTemplate\":\"https:\\\/\\\/www.blnpalao.com\\\/?s={search_term_string}\"},\"query-input\":{\"@type\":\"PropertyValueSpecification\",\"valueRequired\":true,\"valueName\":\"search_term_string\"}}],\"inLanguage\":\"en-GB\"}]}<\/script>\n<!-- \/ Yoast SEO plugin. -->","yoast_head_json":{"title":"Protecci\u00f3n de Datos - bln palao abogados","robots":{"index":"index","follow":"follow","max-snippet":"max-snippet:-1","max-image-preview":"max-image-preview:large","max-video-preview":"max-video-preview:-1"},"canonical":"https:\/\/www.blnpalao.com\/en\/proteccion-de-datos\/","og_locale":"en_GB","og_type":"article","og_title":"Protecci\u00f3n de Datos - bln palao abogados","og_description":"Protecci\u00f3n de datosAlgunos de los servicios incluidos en este sitio Web exigen la recogida de datos personales que se consideran imprescindibles para la prestaci\u00f3n de los mismos por bln palao abogados, S.L.P. Durante el proceso de recogida de los datos, el usuario ser\u00e1 informado del car\u00e1cter necesario de los mismos. Si no se facilitan estos datos obligatorios, no ser\u00e1 posible la prestaci\u00f3n de tales servicios. La informaci\u00f3n que recibe bln palao abogados, S.L.P. de los usuarios de este sitio Web, a trav\u00e9s de diferentes formularios (consultas on-line o contrataci\u00f3n de servicios) es objeto de tratamiento automatizado y se incorpora a ficheros de su titularidad, siendo responsable del tratamiento de los datos la entidad bln palao abogados, S.L.P., con domicilio social en la calle Pedro Muguruza n\u00ba 1, 28036 Madrid, tel\u00e9fono +34 918 318 008 y NIF B87041505. El env\u00edo de correos electr\u00f3nicos o la cumplimentaci\u00f3n de formularios incluidos en el presente sitio Web implica que Ud. ha dado su consentimiento expreso a la inclusi\u00f3n de sus datos de car\u00e1cter personal en los tratamientos referidos anteriormente y su consentimiento a que sus datos sean utilizados para el env\u00edo de comunicaciones comerciales por correo electr\u00f3nico o por cualquier otro medio de comunicaci\u00f3n. [&hellip;]","og_url":"https:\/\/www.blnpalao.com\/en\/proteccion-de-datos\/","og_site_name":"bln palao abogados","article_modified_time":"2024-01-17T14:34:30+00:00","twitter_card":"summary_large_image","twitter_misc":{"Estimated reading time":"3 minutes"},"schema":{"@context":"https:\/\/schema.org","@graph":[{"@type":"WebPage","@id":"https:\/\/www.blnpalao.com\/proteccion-de-datos\/","url":"https:\/\/www.blnpalao.com\/proteccion-de-datos\/","name":"Protecci\u00f3n de Datos - bln palao abogados","isPartOf":{"@id":"https:\/\/www.blnpalao.com\/#website"},"datePublished":"2023-09-27T08:01:45+00:00","dateModified":"2024-01-17T14:34:30+00:00","breadcrumb":{"@id":"https:\/\/www.blnpalao.com\/proteccion-de-datos\/#breadcrumb"},"inLanguage":"en-GB","potentialAction":[{"@type":"ReadAction","target":["https:\/\/www.blnpalao.com\/proteccion-de-datos\/"]}]},{"@type":"BreadcrumbList","@id":"https:\/\/www.blnpalao.com\/proteccion-de-datos\/#breadcrumb","itemListElement":[{"@type":"ListItem","position":1,"name":"Portada","item":"https:\/\/www.blnpalao.com\/"},{"@type":"ListItem","position":2,"name":"Protecci\u00f3n de Datos"}]},{"@type":"WebSite","@id":"https:\/\/www.blnpalao.com\/#website","url":"https:\/\/www.blnpalao.com\/","name":"bln palao abogados","description":"Clearance boutique is unique in the market","potentialAction":[{"@type":"SearchAction","target":{"@type":"EntryPoint","urlTemplate":"https:\/\/www.blnpalao.com\/?s={search_term_string}"},"query-input":{"@type":"PropertyValueSpecification","valueRequired":true,"valueName":"search_term_string"}}],"inLanguage":"en-GB"}]}},"_links":{"self":[{"href":"https:\/\/www.blnpalao.com\/en\/wp-json\/wp\/v2\/pages\/145","targetHints":{"allow":["GET"]}}],"collection":[{"href":"https:\/\/www.blnpalao.com\/en\/wp-json\/wp\/v2\/pages"}],"about":[{"href":"https:\/\/www.blnpalao.com\/en\/wp-json\/wp\/v2\/types\/page"}],"author":[{"embeddable":true,"href":"https:\/\/www.blnpalao.com\/en\/wp-json\/wp\/v2\/users\/4"}],"replies":[{"embeddable":true,"href":"https:\/\/www.blnpalao.com\/en\/wp-json\/wp\/v2\/comments?post=145"}],"version-history":[{"count":16,"href":"https:\/\/www.blnpalao.com\/en\/wp-json\/wp\/v2\/pages\/145\/revisions"}],"predecessor-version":[{"id":1819,"href":"https:\/\/www.blnpalao.com\/en\/wp-json\/wp\/v2\/pages\/145\/revisions\/1819"}],"wp:attachment":[{"href":"https:\/\/www.blnpalao.com\/en\/wp-json\/wp\/v2\/media?parent=145"}],"curies":[{"name":"wp","href":"https:\/\/api.w.org\/{rel}","templated":true}]}}