{"id":159,"date":"2023-09-27T08:33:42","date_gmt":"2023-09-27T08:33:42","guid":{"rendered":"https:\/\/www.blnpalao.com\/?page_id=159"},"modified":"2024-01-17T14:32:45","modified_gmt":"2024-01-17T14:32:45","slug":"politica-de-privacidad","status":"publish","type":"page","link":"https:\/\/www.blnpalao.com\/en\/politica-de-privacidad\/","title":{"rendered":"Privacy policy"},"content":{"rendered":"<p>[et_pb_section fb_built=\u00bb1&#8243; custom_padding_last_edited=\u00bbon|desktop\u00bb admin_label=\u00bbsection\u00bb _builder_version=\u00bb4.20.1&#8243; background_enable_color=\u00bboff\u00bb use_background_color_gradient=\u00bbon\u00bb background_color_gradient_stops=\u00bb#d4d4d4 28%|#7b7b7b 100%\u00bb background_image=\u00bbhttps:\/\/www.blnpalao.com\/wp-content\/uploads\/2024\/01\/proteccion-datos.jpg\u00bb background_blend=\u00bbmultiply\u00bb height_tablet=\u00bb\u00bb height_phone=\u00bb\u00bb height_last_edited=\u00bbon|phone\u00bb custom_padding=\u00bb0px||0px||true|false\u00bb custom_padding_tablet=\u00bb0px||0px||true|false\u00bb custom_padding_phone=\u00bb10px||10px||true|false\u00bb hover_enabled=\u00bb0&#8243; locked=\u00bboff\u00bb global_colors_info=\u00bb{}\u00bb sticky_enabled=\u00bb0&#8243; title_text=\u00bbprotecci\u00f3n-datos\u00bb][et_pb_row admin_label=\u00bbrow\u00bb _builder_version=\u00bb4.20.1&#8243; background_size=\u00bbinitial\u00bb background_position=\u00bbtop_left\u00bb background_repeat=\u00bbrepeat\u00bb custom_margin=\u00bb-56px|auto||auto||\u00bb global_colors_info=\u00bb{}\u00bb][et_pb_column type=\u00bb4_4&#8243; _builder_version=\u00bb4.20.1&#8243; custom_padding=\u00bb|||\u00bb global_colors_info=\u00bb{}\u00bb custom_padding__hover=\u00bb|||\u00bb][et_pb_text admin_label=\u00bbText\u00bb _builder_version=\u00bb4.16&#8243; background_size=\u00bbinitial\u00bb background_position=\u00bbtop_left\u00bb background_repeat=\u00bbrepeat\u00bb global_colors_info=\u00bb{}\u00bb][\/et_pb_text][et_pb_text _builder_version=\u00bb4.20.1&#8243; _module_preset=\u00bbb6cb9bd8-0fbd-4699-b58d-51b3d480db23&#8243; text_font_size=\u00bb10px\u00bb header_font=\u00bb|||on|||||\u00bb header_text_align=\u00bbcenter\u00bb header_text_color=\u00bb#FFFFFF\u00bb header_font_size=\u00bb53px\u00bb header_line_height=\u00bb1.2em\u00bb header_2_font=\u00bbOswald|500||on|||||\u00bb header_2_text_color=\u00bb#FFFFFF\u00bb header_2_font_size=\u00bb52px\u00bb header_2_line_height=\u00bb1.2em\u00bb header_3_font=\u00bbOswald|500|||||||\u00bb header_3_text_color=\u00bb#FFFFFF\u00bb header_3_font_size=\u00bb36px\u00bb text_orientation=\u00bbcenter\u00bb custom_margin=\u00bb8%||8%||false|false\u00bb custom_margin_tablet=\u00bb\u00bb custom_margin_phone=\u00bb0%||0px||false|false\u00bb custom_margin_last_edited=\u00bbon|phone\u00bb hover_enabled=\u00bb0&#8243; header_font_size_tablet=\u00bb35px\u00bb header_font_size_phone=\u00bb20px\u00bb header_font_size_last_edited=\u00bbon|phone\u00bb header_2_font_size_tablet=\u00bb32px\u00bb header_2_font_size_phone=\u00bb20px\u00bb header_2_font_size_last_edited=\u00bbon|tablet\u00bb header_2_line_height_tablet=\u00bb1.3em\u00bb header_2_line_height_phone=\u00bb1.4em\u00bb header_2_line_height_last_edited=\u00bbon|phone\u00bb locked=\u00bboff\u00bb global_colors_info=\u00bb{}\u00bb sticky_enabled=\u00bb0&#8243;]<\/p>\n<h1>Pol\u00edtica de privacidad<\/h1>\n<p>[\/et_pb_text][\/et_pb_column][\/et_pb_row][\/et_pb_section][et_pb_section fb_built=\u00bb1&#8243; _builder_version=\u00bb4.20.1&#8243; _module_preset=\u00bbdefault\u00bb min_height=\u00bb1157.4px\u00bb global_colors_info=\u00bb{}\u00bb][et_pb_row _builder_version=\u00bb4.20.1&#8243; _module_preset=\u00bbdefault\u00bb custom_margin=\u00bb0px||0px||false|false\u00bb custom_padding=\u00bb0px||0px||false|false\u00bb global_colors_info=\u00bb{}\u00bb][et_pb_column type=\u00bb4_4&#8243; _builder_version=\u00bb4.20.1&#8243; _module_preset=\u00bbdefault\u00bb global_colors_info=\u00bb{}\u00bb][et_pb_text _builder_version=\u00bb4.20.1&#8243; _module_preset=\u00bbdefault\u00bb global_colors_info=\u00bb{}\u00bb]<span class=\"texto-destacado\">Bln palao abogados, S.L.P.<\/span> (en adelante la Web o el Sitio) informa a todos los usuarios de que los datos de car\u00e1cter personal que recoge por diferentes medios son objeto de tratamiento automatizado y se incorporan al Registro de Actividades de tratamiento de datos titularidad de <span class=\"texto-destacado\">bln palao abogados, S.L.P.<\/span><\/p>\n<p>La recogida o el tratamiento automatizado de estos datos tiene como finalidad el mantenimiento de la relaci\u00f3n contractual que, en su caso, se establezca con el Sitio as\u00ed como el desempe\u00f1o de las tareas de informaci\u00f3n, formaci\u00f3n, comercializaci\u00f3n (tarea esta \u00faltima siempre identificada como tal) y otras actividades propias.<\/p>\n<p>En aquellos casos en que <span class=\"texto-destacado\">bln palao abogados, S.L.P.<\/span> figure como Encargado de Tratamiento asume las obligaciones establecidas en el RGPD al efecto, y manifiesto que \u00fanicamente tratar\u00e1 estos datos conforme a las instrucciones del responsable de tratamiento y que no los aplicar\u00e1 o utilizar\u00e1 con fines distintos a los que figuren en contrato celebrado al efecto.<\/p>\n<p>Los datos de clientes se conservar\u00e1n mientras dure la relaci\u00f3n contractual y posteriormente durante el plazo que se establezca legalmente para el cumplimiento de las obligaciones legales. Los datos de pre clientes\u00a0o antiguos clientes para la realizaci\u00f3n de actividades comerciales, se conservar\u00e1n durante un plazo m\u00e1ximo de 4 a\u00f1os, sin perjuicio de que la conservaci\u00f3n pudiese ser necesaria para la formulaci\u00f3n de reclamaciones judiciales o extrajudiciales y\/o siempre que lo permita la legislaci\u00f3n aplicable.<\/p>\n<p>Asimismo, <span class=\"texto-destacado\">bln palao abogados, S.L.P.<\/span> informa de que, en caso de que as\u00ed se haya autorizado expresamente, podr\u00e1 utilizar las direcciones de correo electr\u00f3nico facilitadas por Ud. para mantenerle informado de las novedades comerciales y sus distintas ofertas promocionales. Si, en cualquier momento, Ud. se opone a recibir comunicaciones comerciales, le rogamos nos mande un correo electr\u00f3nico a la siguiente direcci\u00f3n: <a href=\"mailto:info@blnpalao.com\">info@blnpalao.com<\/a> indicando BAJA RGPD en el apartado \u00abAsunto\u00bb. Este consentimiento podr\u00e1 ser revocado en cualquier momento.<\/p>\n<p>El usuario podr\u00e1 en cualquier momento ejercitar los derechos reconocidos en la normativa vigente (acceso, rectificaci\u00f3n, supresi\u00f3n, limitaci\u00f3n, oposici\u00f3n, etc&#8230;). Puede ejercitar estos\u00a0derechos enviando una comunicaci\u00f3n por escrito a la calle Hermosilla 64, 7\u00baD, 28001 Madrid, o bien remitiendo un correo electr\u00f3nico a la direcci\u00f3n <a href=\"mailto:info@blnpalao.com\">info@blnpalao.com<\/a><\/p>\n<p>Tambi\u00e9n puede ejercitar sus derechos en los t\u00e9rminos previstos en la normativa aplicable que podr\u00e1 consultar pinchando en el siguiente enlace: <a href=\"https:\/\/www.agpd.es\/\" target=\"_blank\" rel=\"noopener\">www.agpd.es<\/a><\/p>\n<p>El usuario del Sitio ser\u00e1 el \u00fanico responsable de la veracidad y exactitud de los datos aportados, actuando el propietario de la Web de buena fe como mero prestador del servicio. En caso de haber facilitado datos falsos o de terceras personas sin mediar su consentimiento, el propietario de la Web se reserva el derecho a la destrucci\u00f3n inmediata de dichos datos con el fin de proteger el derecho de su titular o titulares.<\/p>\n<p><span class=\"texto-destacado\">Bln palao abogados, S.L.P.<\/span> se compromete al cumplimiento de su obligaci\u00f3n de secreto de los datos de car\u00e1cter personal y de su deber de guardarlos y adoptar\u00e1 todas las medidas de \u00edndole t\u00e9cnica y organizativa para garantizar la seguridad de los datos de car\u00e1cter personal y evitar su alteraci\u00f3n, p\u00e9rdida, tratamiento o acceso no autorizado, habida cuenta del estado de la tecnolog\u00eda, la naturaleza de los datos almacenados y el tipo de riesgos a que est\u00e9n expuestos.<\/p>\n<p>Este sitio Web dispone de medidas de seguridad de la informaci\u00f3n generalmente utilizadas para evitar el acceso no autorizado a los datos personales. Por favor lea detenidamente la\u00a0<a href=\"https:\/\/www.blnpalao.com\/politica-de-privacidad\" target=\"_blank\" rel=\"noopener\">Pol\u00edtica de Privacidad<\/a> antes de usar este Sitio: conocer\u00e1 la forma en que procesaremos sus datos de car\u00e1cter personal y nuestra <a href=\"https:\/\/www.blnpalao.com\/politica-de-cookies\" target=\"_blank\" rel=\"noopener\">Pol\u00edtica de <em>cookies<\/em><\/a>. El uso de este Sitio implica la aceptaci\u00f3n de nuestra <a href=\"https:\/\/www.blnpalao.com\/politica-de-privacidad\" target=\"_blank\" rel=\"noopener\">Pol\u00edtica de privacidad<\/a>. En caso contrario no use este sitio.[\/et_pb_text][et_pb_text _builder_version=\u00bb4.20.1&#8243; _module_preset=\u00bbdefault\u00bb header_2_font=\u00bb|600|||||||\u00bb header_2_text_align=\u00bbcenter\u00bb custom_padding=\u00bb20px||||false|false\u00bb custom_padding_tablet=\u00bb20px||||false|false\u00bb custom_padding_phone=\u00bb20px||||false|false\u00bb custom_padding_last_edited=\u00bbon|desktop\u00bb global_colors_info=\u00bb{}\u00bb]<\/p>\n<h2>CAMBIOS EN NUESTRA POL\u00cdTICA DE PRIVACIDAD<\/h2>\n<p>[\/et_pb_text][et_pb_text _builder_version=\u00bb4.20.1&#8243; _module_preset=\u00bbdefault\u00bb global_colors_info=\u00bb{}\u00bb]Cualquier cambio futuro en nuestra pol\u00edtica de privacidad ser\u00e1 comunicado en este p\u00e1gina. De este modo, podr\u00e1 comprobar de forma regular, las actualizaciones o cambios en dicha pol\u00edtica.[\/et_pb_text][\/et_pb_column][\/et_pb_row][\/et_pb_section]<\/p>\n","protected":false},"excerpt":{"rendered":"<p>Pol\u00edtica de privacidadBln palao abogados, S.L.P. (en adelante la Web o el Sitio) informa a todos los usuarios de que los datos de car\u00e1cter personal que recoge por diferentes medios son objeto de tratamiento automatizado y se incorporan al Registro de Actividades de tratamiento de datos titularidad de bln palao abogados, S.L.P. La recogida o el tratamiento automatizado de estos datos tiene como finalidad el mantenimiento de la relaci\u00f3n contractual que, en su caso, se establezca con el Sitio as\u00ed como el desempe\u00f1o de las tareas de informaci\u00f3n, formaci\u00f3n, comercializaci\u00f3n (tarea esta \u00faltima siempre identificada como tal) y otras actividades propias. En aquellos casos en que bln palao abogados, S.L.P. figure como Encargado de Tratamiento asume las obligaciones establecidas en el RGPD al efecto, y manifiesto que \u00fanicamente tratar\u00e1 estos datos conforme a las instrucciones del responsable de tratamiento y que no los aplicar\u00e1 o utilizar\u00e1 con fines distintos a los que figuren en contrato celebrado al efecto. Los datos de clientes se conservar\u00e1n mientras dure la relaci\u00f3n contractual y posteriormente durante el plazo que se establezca legalmente para el cumplimiento de las obligaciones legales. Los datos de pre clientes\u00a0o antiguos clientes para la realizaci\u00f3n de actividades comerciales, se conservar\u00e1n [&hellip;]<\/p>\n","protected":false},"author":4,"featured_media":0,"parent":0,"menu_order":0,"comment_status":"closed","ping_status":"closed","template":"","meta":{"_et_pb_use_builder":"on","_et_pb_old_content":"","_et_gb_content_width":"","_glsr_average":0,"_glsr_ranking":0,"_glsr_reviews":0,"footnotes":""},"class_list":["post-159","page","type-page","status-publish","hentry"],"yoast_head":"<!-- This site is optimized with the Yoast SEO plugin v27.4 - https:\/\/yoast.com\/product\/yoast-seo-wordpress\/ -->\n<title>Pol\u00edtica de Privacidad - bln palao abogados<\/title>\n<meta name=\"robots\" content=\"index, follow, max-snippet:-1, max-image-preview:large, max-video-preview:-1\" \/>\n<link rel=\"canonical\" href=\"https:\/\/www.blnpalao.com\/en\/politica-de-privacidad\/\" \/>\n<meta property=\"og:locale\" content=\"en_GB\" \/>\n<meta property=\"og:type\" content=\"article\" \/>\n<meta property=\"og:title\" content=\"Pol\u00edtica de Privacidad - bln palao abogados\" \/>\n<meta property=\"og:description\" content=\"Pol\u00edtica de privacidadBln palao abogados, S.L.P. (en adelante la Web o el Sitio) informa a todos los usuarios de que los datos de car\u00e1cter personal que recoge por diferentes medios son objeto de tratamiento automatizado y se incorporan al Registro de Actividades de tratamiento de datos titularidad de bln palao abogados, S.L.P. La recogida o el tratamiento automatizado de estos datos tiene como finalidad el mantenimiento de la relaci\u00f3n contractual que, en su caso, se establezca con el Sitio as\u00ed como el desempe\u00f1o de las tareas de informaci\u00f3n, formaci\u00f3n, comercializaci\u00f3n (tarea esta \u00faltima siempre identificada como tal) y otras actividades propias. En aquellos casos en que bln palao abogados, S.L.P. figure como Encargado de Tratamiento asume las obligaciones establecidas en el RGPD al efecto, y manifiesto que \u00fanicamente tratar\u00e1 estos datos conforme a las instrucciones del responsable de tratamiento y que no los aplicar\u00e1 o utilizar\u00e1 con fines distintos a los que figuren en contrato celebrado al efecto. Los datos de clientes se conservar\u00e1n mientras dure la relaci\u00f3n contractual y posteriormente durante el plazo que se establezca legalmente para el cumplimiento de las obligaciones legales. Los datos de pre clientes\u00a0o antiguos clientes para la realizaci\u00f3n de actividades comerciales, se conservar\u00e1n [&hellip;]\" \/>\n<meta property=\"og:url\" content=\"https:\/\/www.blnpalao.com\/en\/politica-de-privacidad\/\" \/>\n<meta property=\"og:site_name\" content=\"bln palao abogados\" \/>\n<meta property=\"article:modified_time\" content=\"2024-01-17T14:32:45+00:00\" \/>\n<meta name=\"twitter:card\" content=\"summary_large_image\" \/>\n<meta name=\"twitter:label1\" content=\"Estimated reading time\" \/>\n\t<meta name=\"twitter:data1\" content=\"4 minutes\" \/>\n<script type=\"application\/ld+json\" class=\"yoast-schema-graph\">{\"@context\":\"https:\\\/\\\/schema.org\",\"@graph\":[{\"@type\":\"WebPage\",\"@id\":\"https:\\\/\\\/www.blnpalao.com\\\/politica-de-privacidad\\\/\",\"url\":\"https:\\\/\\\/www.blnpalao.com\\\/politica-de-privacidad\\\/\",\"name\":\"Pol\u00edtica de Privacidad - bln palao abogados\",\"isPartOf\":{\"@id\":\"https:\\\/\\\/www.blnpalao.com\\\/#website\"},\"datePublished\":\"2023-09-27T08:33:42+00:00\",\"dateModified\":\"2024-01-17T14:32:45+00:00\",\"breadcrumb\":{\"@id\":\"https:\\\/\\\/www.blnpalao.com\\\/politica-de-privacidad\\\/#breadcrumb\"},\"inLanguage\":\"en-GB\",\"potentialAction\":[{\"@type\":\"ReadAction\",\"target\":[\"https:\\\/\\\/www.blnpalao.com\\\/politica-de-privacidad\\\/\"]}]},{\"@type\":\"BreadcrumbList\",\"@id\":\"https:\\\/\\\/www.blnpalao.com\\\/politica-de-privacidad\\\/#breadcrumb\",\"itemListElement\":[{\"@type\":\"ListItem\",\"position\":1,\"name\":\"Portada\",\"item\":\"https:\\\/\\\/www.blnpalao.com\\\/\"},{\"@type\":\"ListItem\",\"position\":2,\"name\":\"Pol\u00edtica de Privacidad\"}]},{\"@type\":\"WebSite\",\"@id\":\"https:\\\/\\\/www.blnpalao.com\\\/#website\",\"url\":\"https:\\\/\\\/www.blnpalao.com\\\/\",\"name\":\"bln palao abogados\",\"description\":\"Despacho boutique \u00fanico en el mercado\",\"potentialAction\":[{\"@type\":\"SearchAction\",\"target\":{\"@type\":\"EntryPoint\",\"urlTemplate\":\"https:\\\/\\\/www.blnpalao.com\\\/?s={search_term_string}\"},\"query-input\":{\"@type\":\"PropertyValueSpecification\",\"valueRequired\":true,\"valueName\":\"search_term_string\"}}],\"inLanguage\":\"en-GB\"}]}<\/script>\n<!-- \/ Yoast SEO plugin. -->","yoast_head_json":{"title":"Pol\u00edtica de Privacidad - bln palao abogados","robots":{"index":"index","follow":"follow","max-snippet":"max-snippet:-1","max-image-preview":"max-image-preview:large","max-video-preview":"max-video-preview:-1"},"canonical":"https:\/\/www.blnpalao.com\/en\/politica-de-privacidad\/","og_locale":"en_GB","og_type":"article","og_title":"Pol\u00edtica de Privacidad - bln palao abogados","og_description":"Pol\u00edtica de privacidadBln palao abogados, S.L.P. (en adelante la Web o el Sitio) informa a todos los usuarios de que los datos de car\u00e1cter personal que recoge por diferentes medios son objeto de tratamiento automatizado y se incorporan al Registro de Actividades de tratamiento de datos titularidad de bln palao abogados, S.L.P. La recogida o el tratamiento automatizado de estos datos tiene como finalidad el mantenimiento de la relaci\u00f3n contractual que, en su caso, se establezca con el Sitio as\u00ed como el desempe\u00f1o de las tareas de informaci\u00f3n, formaci\u00f3n, comercializaci\u00f3n (tarea esta \u00faltima siempre identificada como tal) y otras actividades propias. En aquellos casos en que bln palao abogados, S.L.P. figure como Encargado de Tratamiento asume las obligaciones establecidas en el RGPD al efecto, y manifiesto que \u00fanicamente tratar\u00e1 estos datos conforme a las instrucciones del responsable de tratamiento y que no los aplicar\u00e1 o utilizar\u00e1 con fines distintos a los que figuren en contrato celebrado al efecto. Los datos de clientes se conservar\u00e1n mientras dure la relaci\u00f3n contractual y posteriormente durante el plazo que se establezca legalmente para el cumplimiento de las obligaciones legales. Los datos de pre clientes\u00a0o antiguos clientes para la realizaci\u00f3n de actividades comerciales, se conservar\u00e1n [&hellip;]","og_url":"https:\/\/www.blnpalao.com\/en\/politica-de-privacidad\/","og_site_name":"bln palao abogados","article_modified_time":"2024-01-17T14:32:45+00:00","twitter_card":"summary_large_image","twitter_misc":{"Estimated reading time":"4 minutes"},"schema":{"@context":"https:\/\/schema.org","@graph":[{"@type":"WebPage","@id":"https:\/\/www.blnpalao.com\/politica-de-privacidad\/","url":"https:\/\/www.blnpalao.com\/politica-de-privacidad\/","name":"Pol\u00edtica de Privacidad - bln palao abogados","isPartOf":{"@id":"https:\/\/www.blnpalao.com\/#website"},"datePublished":"2023-09-27T08:33:42+00:00","dateModified":"2024-01-17T14:32:45+00:00","breadcrumb":{"@id":"https:\/\/www.blnpalao.com\/politica-de-privacidad\/#breadcrumb"},"inLanguage":"en-GB","potentialAction":[{"@type":"ReadAction","target":["https:\/\/www.blnpalao.com\/politica-de-privacidad\/"]}]},{"@type":"BreadcrumbList","@id":"https:\/\/www.blnpalao.com\/politica-de-privacidad\/#breadcrumb","itemListElement":[{"@type":"ListItem","position":1,"name":"Portada","item":"https:\/\/www.blnpalao.com\/"},{"@type":"ListItem","position":2,"name":"Pol\u00edtica de Privacidad"}]},{"@type":"WebSite","@id":"https:\/\/www.blnpalao.com\/#website","url":"https:\/\/www.blnpalao.com\/","name":"bln palao abogados","description":"Clearance boutique is unique in the market","potentialAction":[{"@type":"SearchAction","target":{"@type":"EntryPoint","urlTemplate":"https:\/\/www.blnpalao.com\/?s={search_term_string}"},"query-input":{"@type":"PropertyValueSpecification","valueRequired":true,"valueName":"search_term_string"}}],"inLanguage":"en-GB"}]}},"_links":{"self":[{"href":"https:\/\/www.blnpalao.com\/en\/wp-json\/wp\/v2\/pages\/159","targetHints":{"allow":["GET"]}}],"collection":[{"href":"https:\/\/www.blnpalao.com\/en\/wp-json\/wp\/v2\/pages"}],"about":[{"href":"https:\/\/www.blnpalao.com\/en\/wp-json\/wp\/v2\/types\/page"}],"author":[{"embeddable":true,"href":"https:\/\/www.blnpalao.com\/en\/wp-json\/wp\/v2\/users\/4"}],"replies":[{"embeddable":true,"href":"https:\/\/www.blnpalao.com\/en\/wp-json\/wp\/v2\/comments?post=159"}],"version-history":[{"count":11,"href":"https:\/\/www.blnpalao.com\/en\/wp-json\/wp\/v2\/pages\/159\/revisions"}],"predecessor-version":[{"id":1818,"href":"https:\/\/www.blnpalao.com\/en\/wp-json\/wp\/v2\/pages\/159\/revisions\/1818"}],"wp:attachment":[{"href":"https:\/\/www.blnpalao.com\/en\/wp-json\/wp\/v2\/media?parent=159"}],"curies":[{"name":"wp","href":"https:\/\/api.w.org\/{rel}","templated":true}]}}