{"id":166,"date":"2023-09-27T09:01:32","date_gmt":"2023-09-27T09:01:32","guid":{"rendered":"https:\/\/www.blnpalao.com\/?page_id=166"},"modified":"2024-01-17T14:31:55","modified_gmt":"2024-01-17T14:31:55","slug":"politica-de-cookies","status":"publish","type":"page","link":"https:\/\/www.blnpalao.com\/en\/politica-de-cookies\/","title":{"rendered":"Cookie policy"},"content":{"rendered":"<p>[et_pb_section fb_built=\u00bb1&#8243; custom_padding_last_edited=\u00bbon|desktop\u00bb admin_label=\u00bbsection\u00bb _builder_version=\u00bb4.20.1&#8243; background_enable_color=\u00bboff\u00bb use_background_color_gradient=\u00bbon\u00bb background_color_gradient_stops=\u00bb#d4d4d4 28%|#7b7b7b 100%\u00bb background_image=\u00bbhttps:\/\/www.blnpalao.com\/wp-content\/uploads\/2024\/01\/cookie.jpg\u00bb background_blend=\u00bbmultiply\u00bb height_tablet=\u00bb\u00bb height_phone=\u00bb\u00bb height_last_edited=\u00bbon|phone\u00bb custom_padding=\u00bb0px||0px||true|false\u00bb custom_padding_tablet=\u00bb0px||0px||true|false\u00bb custom_padding_phone=\u00bb10px||10px||true|false\u00bb hover_enabled=\u00bb0&#8243; locked=\u00bboff\u00bb global_colors_info=\u00bb{}\u00bb sticky_enabled=\u00bb0&#8243; title_text=\u00bbCookie policy\u00bb][et_pb_row admin_label=\u00bbrow\u00bb _builder_version=\u00bb4.20.1&#8243; background_size=\u00bbinitial\u00bb background_position=\u00bbtop_left\u00bb background_repeat=\u00bbrepeat\u00bb custom_margin=\u00bb-56px|auto||auto||\u00bb global_colors_info=\u00bb{}\u00bb][et_pb_column type=\u00bb4_4&#8243; _builder_version=\u00bb4.20.1&#8243; custom_padding=\u00bb|||\u00bb global_colors_info=\u00bb{}\u00bb custom_padding__hover=\u00bb|||\u00bb][et_pb_text admin_label=\u00bbText\u00bb _builder_version=\u00bb4.16&#8243; background_size=\u00bbinitial\u00bb background_position=\u00bbtop_left\u00bb background_repeat=\u00bbrepeat\u00bb global_colors_info=\u00bb{}\u00bb][\/et_pb_text][et_pb_text _builder_version=\u00bb4.20.1&#8243; _module_preset=\u00bbb6cb9bd8-0fbd-4699-b58d-51b3d480db23&#8243; text_font_size=\u00bb10px\u00bb header_font=\u00bb|||on|||||\u00bb header_text_align=\u00bbcenter\u00bb header_text_color=\u00bb#FFFFFF\u00bb header_font_size=\u00bb53px\u00bb header_line_height=\u00bb1.2em\u00bb header_2_font=\u00bbOswald|500||on|||||\u00bb header_2_text_color=\u00bb#FFFFFF\u00bb header_2_font_size=\u00bb52px\u00bb header_2_line_height=\u00bb1.2em\u00bb header_3_font=\u00bbOswald|500|||||||\u00bb header_3_text_color=\u00bb#FFFFFF\u00bb header_3_font_size=\u00bb36px\u00bb text_orientation=\u00bbcenter\u00bb custom_margin=\u00bb8%||8%||false|false\u00bb custom_margin_tablet=\u00bb\u00bb custom_margin_phone=\u00bb0%||0px||false|false\u00bb custom_margin_last_edited=\u00bbon|phone\u00bb hover_enabled=\u00bb0&#8243; header_font_size_tablet=\u00bb35px\u00bb header_font_size_phone=\u00bb20px\u00bb header_font_size_last_edited=\u00bbon|phone\u00bb header_2_font_size_tablet=\u00bb32px\u00bb header_2_font_size_phone=\u00bb20px\u00bb header_2_font_size_last_edited=\u00bbon|tablet\u00bb header_2_line_height_tablet=\u00bb1.3em\u00bb header_2_line_height_phone=\u00bb1.4em\u00bb header_2_line_height_last_edited=\u00bbon|phone\u00bb locked=\u00bboff\u00bb global_colors_info=\u00bb{}\u00bb sticky_enabled=\u00bb0&#8243;]<\/p>\n<h1>Pol\u00edtica de cookies<\/h1>\n<p>[\/et_pb_text][\/et_pb_column][\/et_pb_row][\/et_pb_section][et_pb_section fb_built=\u00bb1&#8243; _builder_version=\u00bb4.20.1&#8243; _module_preset=\u00bbdefault\u00bb custom_margin=\u00bb30px||0px||false|false\u00bb custom_padding=\u00bb0px||0px||false|false\u00bb global_colors_info=\u00bb{}\u00bb][et_pb_row _builder_version=\u00bb4.20.1&#8243; _module_preset=\u00bbdefault\u00bb custom_margin=\u00bb0px||0px||false|false\u00bb custom_padding=\u00bb0px||0px||false|false\u00bb global_colors_info=\u00bb{}\u00bb][et_pb_column type=\u00bb4_4&#8243; _builder_version=\u00bb4.20.1&#8243; _module_preset=\u00bbdefault\u00bb global_colors_info=\u00bb{}\u00bb][et_pb_text _builder_version=\u00bb4.20.1&#8243; _module_preset=\u00bbdefault\u00bb header_2_font=\u00bb|600|||||||\u00bb header_2_text_align=\u00bbcenter\u00bb custom_margin=\u00bb0px||10px||false|false\u00bb custom_padding=\u00bb20px||0px||false|false\u00bb custom_padding_tablet=\u00bb20px||||false|false\u00bb custom_padding_phone=\u00bb20px||||false|false\u00bb custom_padding_last_edited=\u00bbon|desktop\u00bb global_colors_info=\u00bb{}\u00bb]<\/p>\n<h2>1.- TIPO DE DATOS PROCESADOS Y ENLACES A OTRAS P\u00c1GINAS WEB<\/h2>\n<p>[\/et_pb_text][et_pb_text _builder_version=\u00bb4.20.1&#8243; _module_preset=\u00bbdefault\u00bb custom_margin=\u00bb0px||0px||false|false\u00bb custom_padding=\u00bb0px||0px||false|false\u00bb global_colors_info=\u00bb{}\u00bb]<\/p>\n<p>La Web respeta su privacidad. A trav\u00e9s de este sitio Web no se recoge ni procesa ning\u00fan tipo de datos personales, excepto los recogidos a trav\u00e9s de formularios de contacto y las\u00a0<em>cookies<\/em>\u00a0que se explican a continuaci\u00f3n.<\/p>\n<p>Este sitio Web puede contener enlaces a otras p\u00e1ginas web de otras empresas vinculadas o medios sociales. Al pulsar sobre un enlace a otra p\u00e1gina web de la Web o de terceros relacionados, recuerde que tales p\u00e1ginas tienen su propia pol\u00edtica de privacidad por lo que le recomendamos que antes de usar estas p\u00e1ginas web, conozca su pol\u00edtica de privacidad. La Web no asumo ninguna responsabilidad de ning\u00fan tipo sobre las p\u00e1ginas web de terceros que aparezcan vinculadas a este sitio Web.<\/p>\n<p>[\/et_pb_text][et_pb_text _builder_version=\u00bb4.20.1&#8243; _module_preset=\u00bbdefault\u00bb header_2_font=\u00bb|600|||||||\u00bb header_2_text_align=\u00bbcenter\u00bb custom_margin=\u00bb||||false|false\u00bb custom_margin_tablet=\u00bb||||false|false\u00bb custom_margin_phone=\u00bb||||false|false\u00bb custom_margin_last_edited=\u00bbon|desktop\u00bb custom_padding=\u00bb20px||||false|false\u00bb custom_padding_tablet=\u00bb20px||||false|false\u00bb custom_padding_phone=\u00bb20px||||false|false\u00bb custom_padding_last_edited=\u00bbon|desktop\u00bb global_colors_info=\u00bb{}\u00bb]<\/p>\n<h2>2.- RECOGIDA Y USO DE LA INFORMACI\u00d3N<\/h2>\n<p>[\/et_pb_text][et_pb_text _builder_version=\u00bb4.20.1&#8243; _module_preset=\u00bbdefault\u00bb global_colors_info=\u00bb{}\u00bb]Para mejorar este Sitio, en t\u00e9rminos de rendimiento del sistema y facilidad de uso, as\u00ed como para proporcionar informaci\u00f3n \u00fatil sobre nuestros productos y servicios, recogemos autom\u00e1ticamente y almacenamos informaci\u00f3n en los archivos de registro (<em>log files<\/em>) de su ordenador. En concreto recogemos la siguiente informaci\u00f3n:<\/p>\n<ul class=\"lista-desordenada\">\n<li><span class=\"elemento-desordenado\">Su direcci\u00f3n IP.<\/span><\/li>\n<li><span class=\"elemento-desordenado\">Tipo de navegador.<\/span><\/li>\n<li><span class=\"elemento-desordenado\">Idioma seleccionado.<\/span><\/li>\n<li><span class=\"elemento-desordenado\">Sistema operativo<\/span><\/li>\n<li><span class=\"elemento-desordenado\">Proveedor de servicios de internet (ISP)<\/span><\/li>\n<li><span class=\"elemento-desordenado\">Fecha\/ hora<\/span><\/li>\n<\/ul>\n<p>Esta informaci\u00f3n se emplea de forma global para mejorar la gesti\u00f3n de este Sitio, analizar las tendencias y recoger datos demogr\u00e1ficos sobre nuestros usuarios. La informaci\u00f3n recogida puede ser usada por nuestro departamento de marketing, publicidad y comunicaci\u00f3n. Si la informaci\u00f3n no personal es utilizada en combinaci\u00f3n con los Datos Personales, el conjunto de la informaci\u00f3n tendr\u00e1 el tratamiento de Datos Personales.[\/et_pb_text][et_pb_text _builder_version=\u00bb4.20.1&#8243; _module_preset=\u00bbdefault\u00bb header_2_font=\u00bb|600|||||||\u00bb header_2_text_align=\u00bbcenter\u00bb custom_margin=\u00bb||||false|false\u00bb custom_margin_tablet=\u00bb||||false|false\u00bb custom_margin_phone=\u00bb||||false|false\u00bb custom_margin_last_edited=\u00bbon|desktop\u00bb custom_padding=\u00bb20px||||false|false\u00bb custom_padding_tablet=\u00bb20px||||false|false\u00bb custom_padding_phone=\u00bb20px||||false|false\u00bb custom_padding_last_edited=\u00bbon|desktop\u00bb global_colors_info=\u00bb{}\u00bb]<\/p>\n<h2>3.- USO DE COOKIES<\/h2>\n<p>[\/et_pb_text][et_pb_text _builder_version=\u00bb4.20.1&#8243; _module_preset=\u00bbdefault\u00bb global_colors_info=\u00bb{}\u00bb]Para optimizar nuestros servicios, este Sitio, los mensajes enviados por correo electr\u00f3nico, los servicios\u00a0<em>on-line<\/em>, los anuncios y las aplicaciones interactivas pueden utilizar\u00a0<em>cookies<\/em>.<\/p>\n<p>Una\u00a0<em>cookie<\/em>\u00a0es un fichero que se descarga en su ordenador al acceder a determinadas p\u00e1ginas web, normalmente formado por letras y n\u00fameros, enviado por el servidor de nuestra p\u00e1gina Web al archivo de\u00a0<em>cookies<\/em>\u00a0de su navegador. Las\u00a0<em>cookies<\/em>\u00a0permiten a nuestra p\u00e1gina Web, entre otras cosas, almacenar y recuperar informaci\u00f3n sobre sus h\u00e1bitos de navegaci\u00f3n o de su equipo y recordar su presencia al establecerse una nueva conexi\u00f3n en nuestro servidor y su navegador. El principal prop\u00f3sito de una\u00a0<em>cookie<\/em>\u00a0es permitir a nuestro servidor presentar las p\u00e1ginas web personalizadas que pueda convertir la visita a la Web en una experiencia individual y ajustada a las preferencias personales.<\/p>\n<p>Nuestra Web contempla dos tipos de\u00a0<em>cookies<\/em>\u00a0seg\u00fan el tiempo de permanencia:<\/p>\n<ul class=\"lista-desordenada\">\n<li><span class=\"elemento-desordenado\"><em>Cookies<\/em> de sesi\u00f3n: son <em>cookies<\/em> temporales que permanecen en el archivo de <em>cookies<\/em> de su navegador mientras est\u00e1 en nuestra p\u00e1gina Web. Estas <em>cookies<\/em> son necesarias para el correcto funcionamiento de determinadas aplicaciones y permiten que el Sitio funcione adecuadamente.<\/span><\/li>\n<li><span class=\"elemento-desordenado\"><em>Cookies<\/em> persistentes: estas <em>cookies<\/em> favorecen la experiencia como usuario y permanecen en su navegador durante un per\u00edodo de tiempo m\u00e1s amplio que depender\u00e1 de los ajustes que Ud. haya introducido en su navegador. Estas <em>cookies<\/em> permiten que la informaci\u00f3n sea transferida al servidor de este Sitio cada vez que lo visita. Tambi\u00e9n se conocen como <em>cookies<\/em> de seguimiento.<\/span><\/li>\n<\/ul>\n<p>Asimismo, en funci\u00f3n de la finalidad para la que se tratan los datos obtenidos, este sitio Web tambi\u00e9n usa\u00a0<em>cookies<\/em>\u00a0t\u00e9cnicas que son aquellas que permiten la navegaci\u00f3n a trav\u00e9s de una p\u00e1gina web, plataforma o aplicaci\u00f3n y la utilizaci\u00f3n de las diferentes opciones o servicios que en ella existen, como por ejemplo el acceso a apartados de informaci\u00f3n restringidos, realizar la solicitud de inscripci\u00f3n o participaci\u00f3n en un evento.<\/p>\n<p>Finalmente, este sitio Web usa\u00a0<em>cookies<\/em>\u00a0de an\u00e1lisis que son utilizadas por nosotros o por terceros con el fin de cuantificar el n\u00famero de usuarios y as\u00ed realizar una medici\u00f3n y an\u00e1lisis estad\u00edstico de la utilizaci\u00f3n que hacen los usuarios del servicio ofertado. Para ello se analiza su navegaci\u00f3n en nuestra p\u00e1gina Web con el fin de mejorar y optimizar su contenido y nuestros servicios. En estos casos, las\u00a0<em>cookies<\/em>\u00a0habilitadas para recopilar informaci\u00f3n con fines anal\u00edticos ser\u00edan las \u00ab_utmb\u00bb, \u00ab_utmc\u00bb, \u00ab_utmv\u00bb.[\/et_pb_text][et_pb_text _builder_version=\u00bb4.20.1&#8243; _module_preset=\u00bbdefault\u00bb header_2_font=\u00bb|600|||||||\u00bb header_2_text_align=\u00bbcenter\u00bb header_2_line_height=\u00bb1.2em\u00bb custom_margin=\u00bb||||false|false\u00bb custom_margin_tablet=\u00bb||||false|false\u00bb custom_margin_phone=\u00bb||||false|false\u00bb custom_margin_last_edited=\u00bbon|desktop\u00bb custom_padding=\u00bb20px||||false|false\u00bb custom_padding_tablet=\u00bb20px||||false|false\u00bb custom_padding_phone=\u00bb20px||||false|false\u00bb custom_padding_last_edited=\u00bbon|desktop\u00bb global_colors_info=\u00bb{}\u00bb]<\/p>\n<h2>4.- HABILITACI\u00d3N Y DESHABILITACI\u00d3N DE <em>COOKIES<\/em> Y RECURSOS SIMILARES<\/h2>\n<p>[\/et_pb_text][et_pb_text _builder_version=\u00bb4.20.1&#8243; _module_preset=\u00bbdefault\u00bb global_colors_info=\u00bb{}\u00bb]Recuerde que ciertas funciones y la plena funcionalidad de este Sitio pueden no estar disponibles despu\u00e9s de deshabilitar el uso de\u00a0<em>cookies<\/em>. Puede Ud. permitir, bloquear o eliminar las\u00a0<em>cookies<\/em>\u00a0instaladas en su equipo mediante la configuraci\u00f3n de las opciones del navegador instalado en su ordenador.<\/p>\n<ul class=\"lista-desordenada\">\n<li><span class=\"elemento-desordenado\">Si utiliza <a href=\"https:\/\/www.mozilla.org\/es-ES\/firefox\/new\/\" target=\"_blank\" rel=\"noopener\">Mozilla Firefox<\/a>: men\u00fa herramientas, opciones, privacidad, historial, configuraci\u00f3n personal.<\/span><\/li>\n<li><span class=\"elemento-desordenado\">Si utiliza <a href=\"https:\/\/www.microsoft.com\/es-es\/download\/internet-explorer.aspx\" target=\"_blank\" rel=\"noopener\">Internet Explorer<\/a>: men\u00fa herramientas, opciones de internet, privacidad, configuraci\u00f3n.<\/span><\/li>\n<li><span class=\"elemento-desordenado\">Si utiliza <a href=\"https:\/\/www.google.com\/intl\/es_ALL\/chrome\/\" target=\"_blank\" rel=\"noopener\">Google Chrome<\/a>: men\u00fa configuraci\u00f3n, mostrar opciones avanzadas, privacidad, configuraci\u00f3n de contenido.<\/span><\/li>\n<li><span class=\"elemento-desordenado\">Si utiliza <a href=\"https:\/\/support.apple.com\/es_ES\/downloads\/safari\" target=\"_blank\" rel=\"noopener\">Safari<\/a>: men\u00fa preferencias, seguridad.<\/span><\/li>\n<\/ul>\n<p><!-- As\u00ed se agrega el espacio entre el texto y los bullets -->[\/et_pb_text][et_pb_text _builder_version=\u00bb4.20.1&#8243; _module_preset=\u00bbdefault\u00bb header_2_font=\u00bb|600|||||||\u00bb header_2_text_align=\u00bbcenter\u00bb header_2_line_height=\u00bb1.2em\u00bb custom_margin=\u00bb||||false|false\u00bb custom_margin_tablet=\u00bb||||false|false\u00bb custom_margin_phone=\u00bb||||false|false\u00bb custom_margin_last_edited=\u00bbon|desktop\u00bb custom_padding=\u00bb20px||||false|false\u00bb custom_padding_tablet=\u00bb20px||||false|false\u00bb custom_padding_phone=\u00bb20px||||false|false\u00bb custom_padding_last_edited=\u00bbon|desktop\u00bb global_colors_info=\u00bb{}\u00bb]<\/p>\n<h2>5.- CONTACTO<\/h2>\n<p>[\/et_pb_text][et_pb_text _builder_version=\u00bb4.20.1&#8243; _module_preset=\u00bbdefault\u00bb global_colors_info=\u00bb{}\u00bb]Responsable: <span class=\"texto-destacado\">bln palao abogados, S.L.P.<\/span> &#8211; NIF B87041505- tel\u00e9fono de contacto: +34 918 318 008<\/p>\n<p>Correo electr\u00f3nico: <a href=\"mailto:info@blnpalao.com\">info@blnpalao.com<\/a><\/p>\n<p>Direcci\u00f3n postal: calle Hermosilla 64, 7\u00baD, 28001, Madrid<\/p>\n<p>Tambi\u00e9n puede contactar con nosotros para acceder a cualquier informaci\u00f3n personal que hayamos recogido a trav\u00e9s de este sitio Web o para ejercer su derecho de rectificaci\u00f3n, bloqueo o anulaci\u00f3n de esta informaci\u00f3n.<\/p>\n<p>Consulte nuestras condiciones de uso o\u00a0<a href=\"https:\/\/www.blnpalao.com\/aviso-legal\" target=\"_blank\" rel=\"noopener\">Aviso legal<\/a> para conocer todos los datos referentes al propietario de la Web. La Web realiza todos los esfuerzos razonables para asegurar que el contenido del Sitio es preciso y vigente.[\/et_pb_text][\/et_pb_column][\/et_pb_row][\/et_pb_section]<\/p>\n","protected":false},"excerpt":{"rendered":"<p>Pol\u00edtica de cookies1.- TIPO DE DATOS PROCESADOS Y ENLACES A OTRAS P\u00c1GINAS WEBLa Web respeta su privacidad. A trav\u00e9s de este sitio Web no se recoge ni procesa ning\u00fan tipo de datos personales, excepto los recogidos a trav\u00e9s de formularios de contacto y las\u00a0cookies\u00a0que se explican a continuaci\u00f3n. Este sitio Web puede contener enlaces a otras p\u00e1ginas web de otras empresas vinculadas o medios sociales. Al pulsar sobre un enlace a otra p\u00e1gina web de la Web o de terceros relacionados, recuerde que tales p\u00e1ginas tienen su propia pol\u00edtica de privacidad por lo que le recomendamos que antes de usar estas p\u00e1ginas web, conozca su pol\u00edtica de privacidad. La Web no asumo ninguna responsabilidad de ning\u00fan tipo sobre las p\u00e1ginas web de terceros que aparezcan vinculadas a este sitio Web.2.- RECOGIDA Y USO DE LA INFORMACI\u00d3NPara mejorar este Sitio, en t\u00e9rminos de rendimiento del sistema y facilidad de uso, as\u00ed como para proporcionar informaci\u00f3n \u00fatil sobre nuestros productos y servicios, recogemos autom\u00e1ticamente y almacenamos informaci\u00f3n en los archivos de registro (log files) de su ordenador. En concreto recogemos la siguiente informaci\u00f3n: Su direcci\u00f3n IP. Tipo de navegador. Idioma seleccionado. Sistema operativo Proveedor de servicios de internet (ISP) Fecha\/ hora Esta [&hellip;]<\/p>\n","protected":false},"author":4,"featured_media":0,"parent":0,"menu_order":0,"comment_status":"closed","ping_status":"closed","template":"","meta":{"_et_pb_use_builder":"on","_et_pb_old_content":"","_et_gb_content_width":"","_glsr_average":0,"_glsr_ranking":0,"_glsr_reviews":0,"footnotes":""},"class_list":["post-166","page","type-page","status-publish","hentry"],"yoast_head":"<!-- This site is optimized with the Yoast SEO plugin v27.4 - https:\/\/yoast.com\/product\/yoast-seo-wordpress\/ -->\n<title>Pol\u00edtica de Cookies - bln palao abogados<\/title>\n<meta name=\"robots\" content=\"index, follow, max-snippet:-1, max-image-preview:large, max-video-preview:-1\" \/>\n<link rel=\"canonical\" href=\"https:\/\/www.blnpalao.com\/en\/politica-de-cookies\/\" \/>\n<meta property=\"og:locale\" content=\"en_GB\" \/>\n<meta property=\"og:type\" content=\"article\" \/>\n<meta property=\"og:title\" content=\"Pol\u00edtica de Cookies - bln palao abogados\" \/>\n<meta property=\"og:description\" content=\"Pol\u00edtica de cookies1.- TIPO DE DATOS PROCESADOS Y ENLACES A OTRAS P\u00c1GINAS WEBLa Web respeta su privacidad. A trav\u00e9s de este sitio Web no se recoge ni procesa ning\u00fan tipo de datos personales, excepto los recogidos a trav\u00e9s de formularios de contacto y las\u00a0cookies\u00a0que se explican a continuaci\u00f3n. Este sitio Web puede contener enlaces a otras p\u00e1ginas web de otras empresas vinculadas o medios sociales. Al pulsar sobre un enlace a otra p\u00e1gina web de la Web o de terceros relacionados, recuerde que tales p\u00e1ginas tienen su propia pol\u00edtica de privacidad por lo que le recomendamos que antes de usar estas p\u00e1ginas web, conozca su pol\u00edtica de privacidad. La Web no asumo ninguna responsabilidad de ning\u00fan tipo sobre las p\u00e1ginas web de terceros que aparezcan vinculadas a este sitio Web.2.- RECOGIDA Y USO DE LA INFORMACI\u00d3NPara mejorar este Sitio, en t\u00e9rminos de rendimiento del sistema y facilidad de uso, as\u00ed como para proporcionar informaci\u00f3n \u00fatil sobre nuestros productos y servicios, recogemos autom\u00e1ticamente y almacenamos informaci\u00f3n en los archivos de registro (log files) de su ordenador. En concreto recogemos la siguiente informaci\u00f3n: Su direcci\u00f3n IP. Tipo de navegador. Idioma seleccionado. Sistema operativo Proveedor de servicios de internet (ISP) Fecha\/ hora Esta [&hellip;]\" \/>\n<meta property=\"og:url\" content=\"https:\/\/www.blnpalao.com\/en\/politica-de-cookies\/\" \/>\n<meta property=\"og:site_name\" content=\"bln palao abogados\" \/>\n<meta property=\"article:modified_time\" content=\"2024-01-17T14:31:55+00:00\" \/>\n<meta name=\"twitter:card\" content=\"summary_large_image\" \/>\n<meta name=\"twitter:label1\" content=\"Estimated reading time\" \/>\n\t<meta name=\"twitter:data1\" content=\"5 minutes\" \/>\n<script type=\"application\/ld+json\" class=\"yoast-schema-graph\">{\"@context\":\"https:\\\/\\\/schema.org\",\"@graph\":[{\"@type\":\"WebPage\",\"@id\":\"https:\\\/\\\/www.blnpalao.com\\\/politica-de-cookies\\\/\",\"url\":\"https:\\\/\\\/www.blnpalao.com\\\/politica-de-cookies\\\/\",\"name\":\"Pol\u00edtica de Cookies - bln palao abogados\",\"isPartOf\":{\"@id\":\"https:\\\/\\\/www.blnpalao.com\\\/#website\"},\"datePublished\":\"2023-09-27T09:01:32+00:00\",\"dateModified\":\"2024-01-17T14:31:55+00:00\",\"breadcrumb\":{\"@id\":\"https:\\\/\\\/www.blnpalao.com\\\/politica-de-cookies\\\/#breadcrumb\"},\"inLanguage\":\"en-GB\",\"potentialAction\":[{\"@type\":\"ReadAction\",\"target\":[\"https:\\\/\\\/www.blnpalao.com\\\/politica-de-cookies\\\/\"]}]},{\"@type\":\"BreadcrumbList\",\"@id\":\"https:\\\/\\\/www.blnpalao.com\\\/politica-de-cookies\\\/#breadcrumb\",\"itemListElement\":[{\"@type\":\"ListItem\",\"position\":1,\"name\":\"Portada\",\"item\":\"https:\\\/\\\/www.blnpalao.com\\\/\"},{\"@type\":\"ListItem\",\"position\":2,\"name\":\"Pol\u00edtica de Cookies\"}]},{\"@type\":\"WebSite\",\"@id\":\"https:\\\/\\\/www.blnpalao.com\\\/#website\",\"url\":\"https:\\\/\\\/www.blnpalao.com\\\/\",\"name\":\"bln palao abogados\",\"description\":\"Despacho boutique \u00fanico en el mercado\",\"potentialAction\":[{\"@type\":\"SearchAction\",\"target\":{\"@type\":\"EntryPoint\",\"urlTemplate\":\"https:\\\/\\\/www.blnpalao.com\\\/?s={search_term_string}\"},\"query-input\":{\"@type\":\"PropertyValueSpecification\",\"valueRequired\":true,\"valueName\":\"search_term_string\"}}],\"inLanguage\":\"en-GB\"}]}<\/script>\n<!-- \/ Yoast SEO plugin. -->","yoast_head_json":{"title":"Pol\u00edtica de Cookies - bln palao abogados","robots":{"index":"index","follow":"follow","max-snippet":"max-snippet:-1","max-image-preview":"max-image-preview:large","max-video-preview":"max-video-preview:-1"},"canonical":"https:\/\/www.blnpalao.com\/en\/politica-de-cookies\/","og_locale":"en_GB","og_type":"article","og_title":"Pol\u00edtica de Cookies - bln palao abogados","og_description":"Pol\u00edtica de cookies1.- TIPO DE DATOS PROCESADOS Y ENLACES A OTRAS P\u00c1GINAS WEBLa Web respeta su privacidad. A trav\u00e9s de este sitio Web no se recoge ni procesa ning\u00fan tipo de datos personales, excepto los recogidos a trav\u00e9s de formularios de contacto y las\u00a0cookies\u00a0que se explican a continuaci\u00f3n. Este sitio Web puede contener enlaces a otras p\u00e1ginas web de otras empresas vinculadas o medios sociales. Al pulsar sobre un enlace a otra p\u00e1gina web de la Web o de terceros relacionados, recuerde que tales p\u00e1ginas tienen su propia pol\u00edtica de privacidad por lo que le recomendamos que antes de usar estas p\u00e1ginas web, conozca su pol\u00edtica de privacidad. La Web no asumo ninguna responsabilidad de ning\u00fan tipo sobre las p\u00e1ginas web de terceros que aparezcan vinculadas a este sitio Web.2.- RECOGIDA Y USO DE LA INFORMACI\u00d3NPara mejorar este Sitio, en t\u00e9rminos de rendimiento del sistema y facilidad de uso, as\u00ed como para proporcionar informaci\u00f3n \u00fatil sobre nuestros productos y servicios, recogemos autom\u00e1ticamente y almacenamos informaci\u00f3n en los archivos de registro (log files) de su ordenador. En concreto recogemos la siguiente informaci\u00f3n: Su direcci\u00f3n IP. Tipo de navegador. Idioma seleccionado. Sistema operativo Proveedor de servicios de internet (ISP) Fecha\/ hora Esta [&hellip;]","og_url":"https:\/\/www.blnpalao.com\/en\/politica-de-cookies\/","og_site_name":"bln palao abogados","article_modified_time":"2024-01-17T14:31:55+00:00","twitter_card":"summary_large_image","twitter_misc":{"Estimated reading time":"5 minutes"},"schema":{"@context":"https:\/\/schema.org","@graph":[{"@type":"WebPage","@id":"https:\/\/www.blnpalao.com\/politica-de-cookies\/","url":"https:\/\/www.blnpalao.com\/politica-de-cookies\/","name":"Pol\u00edtica de Cookies - bln palao abogados","isPartOf":{"@id":"https:\/\/www.blnpalao.com\/#website"},"datePublished":"2023-09-27T09:01:32+00:00","dateModified":"2024-01-17T14:31:55+00:00","breadcrumb":{"@id":"https:\/\/www.blnpalao.com\/politica-de-cookies\/#breadcrumb"},"inLanguage":"en-GB","potentialAction":[{"@type":"ReadAction","target":["https:\/\/www.blnpalao.com\/politica-de-cookies\/"]}]},{"@type":"BreadcrumbList","@id":"https:\/\/www.blnpalao.com\/politica-de-cookies\/#breadcrumb","itemListElement":[{"@type":"ListItem","position":1,"name":"Portada","item":"https:\/\/www.blnpalao.com\/"},{"@type":"ListItem","position":2,"name":"Pol\u00edtica de Cookies"}]},{"@type":"WebSite","@id":"https:\/\/www.blnpalao.com\/#website","url":"https:\/\/www.blnpalao.com\/","name":"bln palao abogados","description":"Clearance boutique is unique in the market","potentialAction":[{"@type":"SearchAction","target":{"@type":"EntryPoint","urlTemplate":"https:\/\/www.blnpalao.com\/?s={search_term_string}"},"query-input":{"@type":"PropertyValueSpecification","valueRequired":true,"valueName":"search_term_string"}}],"inLanguage":"en-GB"}]}},"_links":{"self":[{"href":"https:\/\/www.blnpalao.com\/en\/wp-json\/wp\/v2\/pages\/166","targetHints":{"allow":["GET"]}}],"collection":[{"href":"https:\/\/www.blnpalao.com\/en\/wp-json\/wp\/v2\/pages"}],"about":[{"href":"https:\/\/www.blnpalao.com\/en\/wp-json\/wp\/v2\/types\/page"}],"author":[{"embeddable":true,"href":"https:\/\/www.blnpalao.com\/en\/wp-json\/wp\/v2\/users\/4"}],"replies":[{"embeddable":true,"href":"https:\/\/www.blnpalao.com\/en\/wp-json\/wp\/v2\/comments?post=166"}],"version-history":[{"count":18,"href":"https:\/\/www.blnpalao.com\/en\/wp-json\/wp\/v2\/pages\/166\/revisions"}],"predecessor-version":[{"id":1817,"href":"https:\/\/www.blnpalao.com\/en\/wp-json\/wp\/v2\/pages\/166\/revisions\/1817"}],"wp:attachment":[{"href":"https:\/\/www.blnpalao.com\/en\/wp-json\/wp\/v2\/media?parent=166"}],"curies":[{"name":"wp","href":"https:\/\/api.w.org\/{rel}","templated":true}]}}