{"id":3264,"date":"2026-03-10T14:43:09","date_gmt":"2026-03-10T14:43:09","guid":{"rendered":"https:\/\/www.blnpalao.com\/?page_id=3264"},"modified":"2026-03-11T09:23:37","modified_gmt":"2026-03-11T09:23:37","slug":"guia-ec","status":"publish","type":"page","link":"https:\/\/www.blnpalao.com\/en\/guia-ec\/","title":{"rendered":"GUIA EC"},"content":{"rendered":"<p>[et_pb_section fb_built=\u00bb1&#8243; _builder_version=\u00bb4.27.6&#8243; _module_preset=\u00bbdefault\u00bb global_colors_info=\u00bb{}\u00bb][et_pb_row column_structure=\u00bb1_2,1_2&#8243; make_equal=\u00bbon\u00bb admin_label=\u00bbFila\u00bb _builder_version=\u00bb4.27.6&#8243; _module_preset=\u00bbdefault\u00bb global_colors_info=\u00bb{}\u00bb][et_pb_column type=\u00bb1_2&#8243; _builder_version=\u00bb4.27.6&#8243; _module_preset=\u00bbdefault\u00bb global_colors_info=\u00bb{}\u00bb][et_pb_image src=\u00bbhttps:\/\/www.blnpalao.com\/wp-content\/uploads\/2026\/03\/Bln_Palao_Abogados_export_control_compliance-scaled.png\u00bb title_text=\u00bbBln_Palao_Abogados_export_control_compliance\u00bb _builder_version=\u00bb4.27.6&#8243; _module_preset=\u00bbdefault\u00bb width=\u00bb100%\u00bb module_alignment=\u00bbcenter\u00bb global_colors_info=\u00bb{}\u00bb][\/et_pb_image][\/et_pb_column][et_pb_column type=\u00bb1_2&#8243; _builder_version=\u00bb4.27.6&#8243; _module_preset=\u00bbdefault\u00bb global_colors_info=\u00bb{}\u00bb][et_pb_text _builder_version=\u00bb4.27.6&#8243; _module_preset=\u00bbdefault\u00bb width=\u00bb100%\u00bb max_width=\u00bb100%\u00bb module_alignment=\u00bbcenter\u00bb custom_padding=\u00bb||0px|||\u00bb global_colors_info=\u00bb{}\u00bb]<\/p>\n<h2 style=\"text-align: center;\"><strong>Rellena el formulario para obtener el acceso al archivo<\/strong><\/h2>\n<p>[\/et_pb_text][et_pb_text _builder_version=\u00bb4.27.6&#8243; _module_preset=\u00bbdefault\u00bb width=\u00bb100%\u00bb max_width=\u00bb100%\u00bb module_alignment=\u00bbcenter\u00bb custom_padding=\u00bb||0px|||\u00bb global_colors_info=\u00bb{}\u00bb]<\/p>\n<p style=\"text-align: center;\">Complete el siguiente formulario para acceder al documento.<br data-start=\"147\" data-end=\"150\" \/>Una vez enviado, se desbloquear\u00e1 autom\u00e1ticamente el acceso al contenido para su visualizaci\u00f3n.<\/p>\n<p>[\/et_pb_text][et_pb_contact_form email=\u00bbinfo@blnpalao.com\u00bb custom_message=\u00bbNombre y Apellidos: %%nombre_y_apellido%%||et_pb_line_break_holder||Pa\u00eds: %%pais%%||et_pb_line_break_holder||Empresa: %%empresa%%||et_pb_line_break_holder||Correo electr\u00f3nico: %%email%%\u00bb use_redirect=\u00bbon\u00bb redirect_url=\u00bbhttps:\/\/www.blnpalao.com\/guia-ec-pdf\/\u00bb _builder_version=\u00bb4.27.6&#8243; _module_preset=\u00bbdefault\u00bb _unique_id=\u00bbd4e72bcc-b360-41e8-bd51-6d038a5012da\u00bb custom_button=\u00bbon\u00bb button_text_size=\u00bb16px\u00bb button_text_color=\u00bb#971B29&#8243; button_border_width=\u00bb2px\u00bb button_icon=\u00bb&#x26;||divi||400&#8243; button_custom_padding=\u00bb||||false|false\u00bb text_orientation=\u00bbleft\u00bb width=\u00bb100%\u00bb max_width=\u00bb100%\u00bb module_alignment=\u00bbcenter\u00bb max_height=\u00bb1000px\u00bb custom_margin=\u00bb||20px||false|false\u00bb custom_css_free_form=\u00bb.et_pb_contact_form .et_pb_contact_field {||width: 100% !important;||margin-bottom: 15px;||}||\u00bb global_colors_info=\u00bb{}\u00bb button_custom_padding__hover_enabled=\u00bbon|desktop\u00bb button_custom_padding__hover=\u00bb||||false|false\u00bb][et_pb_contact_field field_id=\u00bbnombre_y_apellido\u00bb field_title=\u00bbNombre y Apellido\u00bb _builder_version=\u00bb4.27.6&#8243; global_colors_info=\u00bb{}\u00bb button_text_size__hover_enabled=\u00bboff\u00bb button_one_text_size__hover_enabled=\u00bboff\u00bb button_two_text_size__hover_enabled=\u00bboff\u00bb button_text_color__hover_enabled=\u00bboff\u00bb button_one_text_color__hover_enabled=\u00bboff\u00bb button_two_text_color__hover_enabled=\u00bboff\u00bb button_border_width__hover_enabled=\u00bboff\u00bb button_one_border_width__hover_enabled=\u00bboff\u00bb button_two_border_width__hover_enabled=\u00bboff\u00bb button_border_color__hover_enabled=\u00bboff\u00bb button_one_border_color__hover_enabled=\u00bboff\u00bb button_two_border_color__hover_enabled=\u00bboff\u00bb button_border_radius__hover_enabled=\u00bboff\u00bb button_one_border_radius__hover_enabled=\u00bboff\u00bb button_two_border_radius__hover_enabled=\u00bboff\u00bb button_letter_spacing__hover_enabled=\u00bboff\u00bb button_one_letter_spacing__hover_enabled=\u00bboff\u00bb button_two_letter_spacing__hover_enabled=\u00bboff\u00bb button_bg_color__hover_enabled=\u00bboff\u00bb button_one_bg_color__hover_enabled=\u00bboff\u00bb button_two_bg_color__hover_enabled=\u00bboff\u00bb][\/et_pb_contact_field][et_pb_contact_field field_id=\u00bbpais\u00bb field_title=\u00bbPa\u00eds\u00bb _builder_version=\u00bb4.27.6&#8243; global_colors_info=\u00bb{}\u00bb button_text_size__hover_enabled=\u00bboff\u00bb button_one_text_size__hover_enabled=\u00bboff\u00bb button_two_text_size__hover_enabled=\u00bboff\u00bb button_text_color__hover_enabled=\u00bboff\u00bb button_one_text_color__hover_enabled=\u00bboff\u00bb button_two_text_color__hover_enabled=\u00bboff\u00bb button_border_width__hover_enabled=\u00bboff\u00bb button_one_border_width__hover_enabled=\u00bboff\u00bb button_two_border_width__hover_enabled=\u00bboff\u00bb button_border_color__hover_enabled=\u00bboff\u00bb button_one_border_color__hover_enabled=\u00bboff\u00bb button_two_border_color__hover_enabled=\u00bboff\u00bb button_border_radius__hover_enabled=\u00bboff\u00bb button_one_border_radius__hover_enabled=\u00bboff\u00bb button_two_border_radius__hover_enabled=\u00bboff\u00bb button_letter_spacing__hover_enabled=\u00bboff\u00bb button_one_letter_spacing__hover_enabled=\u00bboff\u00bb button_two_letter_spacing__hover_enabled=\u00bboff\u00bb button_bg_color__hover_enabled=\u00bboff\u00bb button_one_bg_color__hover_enabled=\u00bboff\u00bb button_two_bg_color__hover_enabled=\u00bboff\u00bb][\/et_pb_contact_field][et_pb_contact_field field_id=\u00bbempresa\u00bb field_title=\u00bbEmpresa\u00bb _builder_version=\u00bb4.27.6&#8243; global_colors_info=\u00bb{}\u00bb button_text_size__hover_enabled=\u00bboff\u00bb button_one_text_size__hover_enabled=\u00bboff\u00bb button_two_text_size__hover_enabled=\u00bboff\u00bb button_text_color__hover_enabled=\u00bboff\u00bb button_one_text_color__hover_enabled=\u00bboff\u00bb button_two_text_color__hover_enabled=\u00bboff\u00bb button_border_width__hover_enabled=\u00bboff\u00bb button_one_border_width__hover_enabled=\u00bboff\u00bb button_two_border_width__hover_enabled=\u00bboff\u00bb button_border_color__hover_enabled=\u00bboff\u00bb button_one_border_color__hover_enabled=\u00bboff\u00bb button_two_border_color__hover_enabled=\u00bboff\u00bb button_border_radius__hover_enabled=\u00bboff\u00bb button_one_border_radius__hover_enabled=\u00bboff\u00bb button_two_border_radius__hover_enabled=\u00bboff\u00bb button_letter_spacing__hover_enabled=\u00bboff\u00bb button_one_letter_spacing__hover_enabled=\u00bboff\u00bb button_two_letter_spacing__hover_enabled=\u00bboff\u00bb button_bg_color__hover_enabled=\u00bboff\u00bb button_one_bg_color__hover_enabled=\u00bboff\u00bb button_two_bg_color__hover_enabled=\u00bboff\u00bb][\/et_pb_contact_field][et_pb_contact_field field_id=\u00bbemail\u00bb field_title=\u00bbDirecci\u00f3n de correo electr\u00f3nico\u00bb field_type=\u00bbemail\u00bb _builder_version=\u00bb4.27.6&#8243; global_colors_info=\u00bb{}\u00bb button_text_size__hover_enabled=\u00bboff\u00bb button_one_text_size__hover_enabled=\u00bboff\u00bb button_two_text_size__hover_enabled=\u00bboff\u00bb button_text_color__hover_enabled=\u00bboff\u00bb button_one_text_color__hover_enabled=\u00bboff\u00bb button_two_text_color__hover_enabled=\u00bboff\u00bb button_border_width__hover_enabled=\u00bboff\u00bb button_one_border_width__hover_enabled=\u00bboff\u00bb button_two_border_width__hover_enabled=\u00bboff\u00bb button_border_color__hover_enabled=\u00bboff\u00bb button_one_border_color__hover_enabled=\u00bboff\u00bb button_two_border_color__hover_enabled=\u00bboff\u00bb button_border_radius__hover_enabled=\u00bboff\u00bb button_one_border_radius__hover_enabled=\u00bboff\u00bb button_two_border_radius__hover_enabled=\u00bboff\u00bb button_letter_spacing__hover_enabled=\u00bboff\u00bb button_one_letter_spacing__hover_enabled=\u00bboff\u00bb button_two_letter_spacing__hover_enabled=\u00bboff\u00bb button_bg_color__hover_enabled=\u00bboff\u00bb button_one_bg_color__hover_enabled=\u00bboff\u00bb button_two_bg_color__hover_enabled=\u00bboff\u00bb][\/et_pb_contact_field][\/et_pb_contact_form][\/et_pb_column][\/et_pb_row][\/et_pb_section]<\/p>\n","protected":false},"excerpt":{"rendered":"<p>Rellena el formulario para obtener el acceso al archivoComplete el siguiente formulario para acceder al documento.Una vez enviado, se desbloquear\u00e1 autom\u00e1ticamente el acceso al contenido para su visualizaci\u00f3n.<\/p>","protected":false},"author":7,"featured_media":0,"parent":0,"menu_order":0,"comment_status":"closed","ping_status":"closed","template":"","meta":{"_et_pb_use_builder":"on","_et_pb_old_content":"","_et_gb_content_width":"","_glsr_average":0,"_glsr_ranking":0,"_glsr_reviews":0,"footnotes":""},"class_list":["post-3264","page","type-page","status-publish","hentry"],"yoast_head":"<!-- This site is optimized with the Yoast SEO plugin v27.4 - https:\/\/yoast.com\/product\/yoast-seo-wordpress\/ -->\n<title>GUIA EC - bln palao abogados<\/title>\n<meta name=\"robots\" content=\"index, follow, max-snippet:-1, max-image-preview:large, max-video-preview:-1\" \/>\n<link rel=\"canonical\" href=\"https:\/\/www.blnpalao.com\/en\/guia-ec\/\" \/>\n<meta property=\"og:locale\" content=\"en_GB\" \/>\n<meta property=\"og:type\" content=\"article\" \/>\n<meta property=\"og:title\" content=\"GUIA EC - bln palao abogados\" \/>\n<meta property=\"og:description\" content=\"Rellena el formulario para obtener el acceso al archivoComplete el siguiente formulario para acceder al documento.Una vez enviado, se desbloquear\u00e1 autom\u00e1ticamente el acceso al contenido para su visualizaci\u00f3n.\" \/>\n<meta property=\"og:url\" content=\"https:\/\/www.blnpalao.com\/en\/guia-ec\/\" \/>\n<meta property=\"og:site_name\" content=\"bln palao abogados\" \/>\n<meta property=\"article:modified_time\" content=\"2026-03-11T09:23:37+00:00\" \/>\n<meta name=\"twitter:card\" content=\"summary_large_image\" \/>\n<script type=\"application\/ld+json\" class=\"yoast-schema-graph\">{\"@context\":\"https:\\\/\\\/schema.org\",\"@graph\":[{\"@type\":\"WebPage\",\"@id\":\"https:\\\/\\\/www.blnpalao.com\\\/guia-ec\\\/\",\"url\":\"https:\\\/\\\/www.blnpalao.com\\\/guia-ec\\\/\",\"name\":\"GUIA EC - bln palao abogados\",\"isPartOf\":{\"@id\":\"https:\\\/\\\/www.blnpalao.com\\\/#website\"},\"datePublished\":\"2026-03-10T14:43:09+00:00\",\"dateModified\":\"2026-03-11T09:23:37+00:00\",\"breadcrumb\":{\"@id\":\"https:\\\/\\\/www.blnpalao.com\\\/guia-ec\\\/#breadcrumb\"},\"inLanguage\":\"en-GB\",\"potentialAction\":[{\"@type\":\"ReadAction\",\"target\":[\"https:\\\/\\\/www.blnpalao.com\\\/guia-ec\\\/\"]}]},{\"@type\":\"BreadcrumbList\",\"@id\":\"https:\\\/\\\/www.blnpalao.com\\\/guia-ec\\\/#breadcrumb\",\"itemListElement\":[{\"@type\":\"ListItem\",\"position\":1,\"name\":\"Portada\",\"item\":\"https:\\\/\\\/www.blnpalao.com\\\/\"},{\"@type\":\"ListItem\",\"position\":2,\"name\":\"GUIA EC\"}]},{\"@type\":\"WebSite\",\"@id\":\"https:\\\/\\\/www.blnpalao.com\\\/#website\",\"url\":\"https:\\\/\\\/www.blnpalao.com\\\/\",\"name\":\"bln palao abogados\",\"description\":\"Despacho boutique \u00fanico en el mercado\",\"potentialAction\":[{\"@type\":\"SearchAction\",\"target\":{\"@type\":\"EntryPoint\",\"urlTemplate\":\"https:\\\/\\\/www.blnpalao.com\\\/?s={search_term_string}\"},\"query-input\":{\"@type\":\"PropertyValueSpecification\",\"valueRequired\":true,\"valueName\":\"search_term_string\"}}],\"inLanguage\":\"en-GB\"}]}<\/script>\n<!-- \/ Yoast SEO plugin. -->","yoast_head_json":{"title":"GUIA EC - bln palao abogados","robots":{"index":"index","follow":"follow","max-snippet":"max-snippet:-1","max-image-preview":"max-image-preview:large","max-video-preview":"max-video-preview:-1"},"canonical":"https:\/\/www.blnpalao.com\/en\/guia-ec\/","og_locale":"en_GB","og_type":"article","og_title":"GUIA EC - bln palao abogados","og_description":"Rellena el formulario para obtener el acceso al archivoComplete el siguiente formulario para acceder al documento.Una vez enviado, se desbloquear\u00e1 autom\u00e1ticamente el acceso al contenido para su visualizaci\u00f3n.","og_url":"https:\/\/www.blnpalao.com\/en\/guia-ec\/","og_site_name":"bln palao abogados","article_modified_time":"2026-03-11T09:23:37+00:00","twitter_card":"summary_large_image","schema":{"@context":"https:\/\/schema.org","@graph":[{"@type":"WebPage","@id":"https:\/\/www.blnpalao.com\/guia-ec\/","url":"https:\/\/www.blnpalao.com\/guia-ec\/","name":"GUIA EC - bln palao abogados","isPartOf":{"@id":"https:\/\/www.blnpalao.com\/#website"},"datePublished":"2026-03-10T14:43:09+00:00","dateModified":"2026-03-11T09:23:37+00:00","breadcrumb":{"@id":"https:\/\/www.blnpalao.com\/guia-ec\/#breadcrumb"},"inLanguage":"en-GB","potentialAction":[{"@type":"ReadAction","target":["https:\/\/www.blnpalao.com\/guia-ec\/"]}]},{"@type":"BreadcrumbList","@id":"https:\/\/www.blnpalao.com\/guia-ec\/#breadcrumb","itemListElement":[{"@type":"ListItem","position":1,"name":"Portada","item":"https:\/\/www.blnpalao.com\/"},{"@type":"ListItem","position":2,"name":"GUIA EC"}]},{"@type":"WebSite","@id":"https:\/\/www.blnpalao.com\/#website","url":"https:\/\/www.blnpalao.com\/","name":"bln palao abogados","description":"Clearance boutique is unique in the market","potentialAction":[{"@type":"SearchAction","target":{"@type":"EntryPoint","urlTemplate":"https:\/\/www.blnpalao.com\/?s={search_term_string}"},"query-input":{"@type":"PropertyValueSpecification","valueRequired":true,"valueName":"search_term_string"}}],"inLanguage":"en-GB"}]}},"_links":{"self":[{"href":"https:\/\/www.blnpalao.com\/en\/wp-json\/wp\/v2\/pages\/3264","targetHints":{"allow":["GET"]}}],"collection":[{"href":"https:\/\/www.blnpalao.com\/en\/wp-json\/wp\/v2\/pages"}],"about":[{"href":"https:\/\/www.blnpalao.com\/en\/wp-json\/wp\/v2\/types\/page"}],"author":[{"embeddable":true,"href":"https:\/\/www.blnpalao.com\/en\/wp-json\/wp\/v2\/users\/7"}],"replies":[{"embeddable":true,"href":"https:\/\/www.blnpalao.com\/en\/wp-json\/wp\/v2\/comments?post=3264"}],"version-history":[{"count":46,"href":"https:\/\/www.blnpalao.com\/en\/wp-json\/wp\/v2\/pages\/3264\/revisions"}],"predecessor-version":[{"id":3389,"href":"https:\/\/www.blnpalao.com\/en\/wp-json\/wp\/v2\/pages\/3264\/revisions\/3389"}],"wp:attachment":[{"href":"https:\/\/www.blnpalao.com\/en\/wp-json\/wp\/v2\/media?parent=3264"}],"curies":[{"name":"wp","href":"https:\/\/api.w.org\/{rel}","templated":true}]}}