{"id":3273,"date":"2026-03-10T14:58:23","date_gmt":"2026-03-10T14:58:23","guid":{"rendered":"https:\/\/www.blnpalao.com\/?page_id=3273"},"modified":"2026-03-11T08:38:05","modified_gmt":"2026-03-11T08:38:05","slug":"guia-ec-pdf","status":"publish","type":"page","link":"https:\/\/www.blnpalao.com\/en\/guia-ec-pdf\/","title":{"rendered":"GUIA EC PDF"},"content":{"rendered":"<p>[et_pb_section fb_built=\u00bb1&#8243; theme_builder_area=\u00bbpost_content\u00bb _builder_version=\u00bb4.27.6&#8243; _module_preset=\u00bbdefault\u00bb hover_enabled=\u00bb0&#8243; sticky_enabled=\u00bb0&#8243;][et_pb_row _builder_version=\u00bb4.27.6&#8243; _module_preset=\u00bbdefault\u00bb column_structure=\u00bb1_2,1_2&#8243; theme_builder_area=\u00bbpost_content\u00bb width=\u00bb100%\u00bb hover_enabled=\u00bb0&#8243; sticky_enabled=\u00bb0&#8243;][et_pb_column _builder_version=\u00bb4.27.6&#8243; _module_preset=\u00bbdefault\u00bb type=\u00bb1_2&#8243; theme_builder_area=\u00bbpost_content\u00bb][et_pb_text _builder_version=\u00bb4.27.6&#8243; _module_preset=\u00bbdefault\u00bb theme_builder_area=\u00bbpost_content\u00bb hover_enabled=\u00bb0&#8243; sticky_enabled=\u00bb0&#8243;]<\/p>\n<h3 style=\"text-align: center;\"><strong>Archivo en Espa\u00f1ol<\/strong><\/h3>\n<p>[\/et_pb_text][et_pb_text _builder_version=\u00bb4.27.6&#8243; _module_preset=\u00bbdefault\u00bb theme_builder_area=\u00bbpost_content\u00bb hover_enabled=\u00bb0&#8243; sticky_enabled=\u00bb0&#8243;]<\/p>\n<p style=\"text-align: center;\">Este documento est\u00e1 protegido por derechos de autor. Su contenido es exclusivamente para lectura dentro de esta p\u00e1gina web. No est\u00e1 permitida su descarga, reproducci\u00f3n, distribuci\u00f3n, impresi\u00f3n ni modificaci\u00f3n total o parcial sin la autorizaci\u00f3n expresa del titular de los derechos.<\/p>\n<p>[\/et_pb_text][et_pb_code _builder_version=\u00bb4.27.6&#8243; _module_preset=\u00bbdefault\u00bb theme_builder_area=\u00bbpost_content\u00bb hover_enabled=\u00bb0&#8243; sticky_enabled=\u00bb0&#8243;]<a href=\"https:\/\/www.blnpalao.com\/wp-content\/uploads\/2026\/03\/GUIA-EC-version-espanola-10.03.2026_protegido.pdf\" class=\"pdfemb-viewer\" style=\"\" data-width=\"max\" data-height=\"max\" data-toolbar=\"bottom\" data-toolbar-fixed=\"off\">GUIA-EC-version-espanola-10.03.2026_protegido<\/a>[\/et_pb_code][et_pb_divider _builder_version=\u00bb4.27.6&#8243; _module_preset=\u00bbdefault\u00bb theme_builder_area=\u00bbpost_content\u00bb hover_enabled=\u00bb0&#8243; sticky_enabled=\u00bb0&#8243; color=\u00bb#FFFFFF\u00bb][\/et_pb_divider][\/et_pb_column][et_pb_column _builder_version=\u00bb4.27.6&#8243; _module_preset=\u00bbdefault\u00bb type=\u00bb1_2&#8243; theme_builder_area=\u00bbpost_content\u00bb][et_pb_text _builder_version=\u00bb4.27.6&#8243; _module_preset=\u00bbdefault\u00bb theme_builder_area=\u00bbpost_content\u00bb hover_enabled=\u00bb0&#8243; sticky_enabled=\u00bb0&#8243;]<\/p>\n<h3 style=\"text-align: center;\"><strong>English version<\/strong><\/h3>\n<p>[\/et_pb_text][et_pb_text _builder_version=\u00bb4.27.6&#8243; _module_preset=\u00bbdefault\u00bb theme_builder_area=\u00bbpost_content\u00bb hover_enabled=\u00bb0&#8243; sticky_enabled=\u00bb0&#8243;]<\/p>\n<p style=\"text-align: center;\">This document is protected by copyright. Its content is provided exclusively for reading within this website. Downloading, reproduction, distribution, printing, or modification, in whole or in part, is not permitted without the express authorization of the copyright holder.<\/p>\n<p>[\/et_pb_text][et_pb_code _builder_version=\u00bb4.27.6&#8243; _module_preset=\u00bbdefault\u00bb theme_builder_area=\u00bbpost_content\u00bb hover_enabled=\u00bb0&#8243; sticky_enabled=\u00bb0&#8243;]<a href=\"https:\/\/www.blnpalao.com\/wp-content\/uploads\/2026\/03\/EC-GUIDE-English-version-10.03.2026_protegido.pdf\" class=\"pdfemb-viewer\" style=\"\" data-width=\"max\" data-height=\"max\" data-toolbar=\"bottom\" data-toolbar-fixed=\"off\">EC-GUIDE-English-version-10.03.2026_protegido<\/a>[\/et_pb_code][\/et_pb_column][\/et_pb_row][\/et_pb_section][et_pb_section fb_built=\u00bb1&#8243; theme_builder_area=\u00bbpost_content\u00bb _builder_version=\u00bb4.27.6&#8243; _module_preset=\u00bbdefault\u00bb][et_pb_row _builder_version=\u00bb4.27.6&#8243; _module_preset=\u00bbdefault\u00bb theme_builder_area=\u00bbpost_content\u00bb][et_pb_column _builder_version=\u00bb4.27.6&#8243; _module_preset=\u00bbdefault\u00bb type=\u00bb4_4&#8243; theme_builder_area=\u00bbpost_content\u00bb][et_pb_code _builder_version=\u00bb4.27.6&#8243; _module_preset=\u00bbdefault\u00bb theme_builder_area=\u00bbpost_content\u00bb hover_enabled=\u00bb0&#8243; sticky_enabled=\u00bb0&#8243;]<script><!-- [et_pb_line_break_holder] -->document.addEventListener(\"contextmenu\", function(e){<!-- [et_pb_line_break_holder] -->e.preventDefault();<!-- [et_pb_line_break_holder] -->});<!-- [et_pb_line_break_holder] --><\/script>[\/et_pb_code][\/et_pb_column][\/et_pb_row][\/et_pb_section]<\/p>\n","protected":false},"excerpt":{"rendered":"<p>Archivo en Espa\u00f1olEste documento est\u00e1 protegido por derechos de autor. Su contenido es exclusivamente para lectura dentro de esta p\u00e1gina web. No est\u00e1 permitida su descarga, reproducci\u00f3n, distribuci\u00f3n, impresi\u00f3n ni modificaci\u00f3n total o parcial sin la autorizaci\u00f3n expresa del titular de los derechos.<a href=\"https:\/\/www.blnpalao.com\/wp-content\/uploads\/2026\/03\/GUIA-EC-version-espanola-10.03.2026_protegido.pdf\" class=\"pdfemb-viewer\" style=\"\" data-width=\"max\" data-height=\"max\" data-toolbar=\"bottom\" data-toolbar-fixed=\"off\">GUIA-EC-version-espanola-10.03.2026_protegido<\/a>English versionThis document is protected by copyright. Its content is provided exclusively for reading within this website. Downloading, reproduction, distribution, printing, or modification, in whole or in part, is not permitted without the express authorization of the copyright holder.<a href=\"https:\/\/www.blnpalao.com\/wp-content\/uploads\/2026\/03\/EC-GUIDE-English-version-10.03.2026_protegido.pdf\" class=\"pdfemb-viewer\" style=\"\" data-width=\"max\" data-height=\"max\" data-toolbar=\"bottom\" data-toolbar-fixed=\"off\">EC-GUIDE-English-version-10.03.2026_protegido<\/a><\/p>","protected":false},"author":7,"featured_media":0,"parent":0,"menu_order":0,"comment_status":"closed","ping_status":"closed","template":"","meta":{"_et_pb_use_builder":"on","_et_pb_old_content":"","_et_gb_content_width":"","_glsr_average":0,"_glsr_ranking":0,"_glsr_reviews":0,"footnotes":""},"class_list":["post-3273","page","type-page","status-publish","hentry"],"yoast_head":"<!-- This site is optimized with the Yoast SEO plugin v27.5 - https:\/\/yoast.com\/product\/yoast-seo-wordpress\/ -->\n<title>GUIA EC PDF - bln palao abogados<\/title>\n<meta name=\"robots\" content=\"index, follow, max-snippet:-1, max-image-preview:large, max-video-preview:-1\" \/>\n<link rel=\"canonical\" href=\"https:\/\/www.blnpalao.com\/en\/guia-ec-pdf\/\" \/>\n<meta property=\"og:locale\" content=\"en_GB\" \/>\n<meta property=\"og:type\" content=\"article\" \/>\n<meta property=\"og:title\" content=\"GUIA EC PDF - bln palao abogados\" \/>\n<meta property=\"og:description\" content=\"Archivo en Espa\u00f1olEste documento est\u00e1 protegido por derechos de autor. Su contenido es exclusivamente para lectura dentro de esta p\u00e1gina web. No est\u00e1 permitida su descarga, reproducci\u00f3n, distribuci\u00f3n, impresi\u00f3n ni modificaci\u00f3n total o parcial sin la autorizaci\u00f3n expresa del titular de los derechos.English versionThis document is protected by copyright. Its content is provided exclusively for reading within this website. Downloading, reproduction, distribution, printing, or modification, in whole or in part, is not permitted without the express authorization of the copyright holder.\" \/>\n<meta property=\"og:url\" content=\"https:\/\/www.blnpalao.com\/en\/guia-ec-pdf\/\" \/>\n<meta property=\"og:site_name\" content=\"bln palao abogados\" \/>\n<meta property=\"article:modified_time\" content=\"2026-03-11T08:38:05+00:00\" \/>\n<meta name=\"twitter:card\" content=\"summary_large_image\" \/>\n<script type=\"application\/ld+json\" class=\"yoast-schema-graph\">{\"@context\":\"https:\\\/\\\/schema.org\",\"@graph\":[{\"@type\":\"WebPage\",\"@id\":\"https:\\\/\\\/www.blnpalao.com\\\/guia-ec-pdf\\\/\",\"url\":\"https:\\\/\\\/www.blnpalao.com\\\/guia-ec-pdf\\\/\",\"name\":\"GUIA EC PDF - bln palao abogados\",\"isPartOf\":{\"@id\":\"https:\\\/\\\/www.blnpalao.com\\\/#website\"},\"datePublished\":\"2026-03-10T14:58:23+00:00\",\"dateModified\":\"2026-03-11T08:38:05+00:00\",\"breadcrumb\":{\"@id\":\"https:\\\/\\\/www.blnpalao.com\\\/guia-ec-pdf\\\/#breadcrumb\"},\"inLanguage\":\"en-GB\",\"potentialAction\":[{\"@type\":\"ReadAction\",\"target\":[\"https:\\\/\\\/www.blnpalao.com\\\/guia-ec-pdf\\\/\"]}]},{\"@type\":\"BreadcrumbList\",\"@id\":\"https:\\\/\\\/www.blnpalao.com\\\/guia-ec-pdf\\\/#breadcrumb\",\"itemListElement\":[{\"@type\":\"ListItem\",\"position\":1,\"name\":\"Portada\",\"item\":\"https:\\\/\\\/www.blnpalao.com\\\/\"},{\"@type\":\"ListItem\",\"position\":2,\"name\":\"GUIA EC PDF\"}]},{\"@type\":\"WebSite\",\"@id\":\"https:\\\/\\\/www.blnpalao.com\\\/#website\",\"url\":\"https:\\\/\\\/www.blnpalao.com\\\/\",\"name\":\"bln palao abogados\",\"description\":\"Despacho boutique \u00fanico en el mercado\",\"potentialAction\":[{\"@type\":\"SearchAction\",\"target\":{\"@type\":\"EntryPoint\",\"urlTemplate\":\"https:\\\/\\\/www.blnpalao.com\\\/?s={search_term_string}\"},\"query-input\":{\"@type\":\"PropertyValueSpecification\",\"valueRequired\":true,\"valueName\":\"search_term_string\"}}],\"inLanguage\":\"en-GB\"}]}<\/script>\n<!-- \/ Yoast SEO plugin. -->","yoast_head_json":{"title":"GUIA EC PDF - bln palao abogados","robots":{"index":"index","follow":"follow","max-snippet":"max-snippet:-1","max-image-preview":"max-image-preview:large","max-video-preview":"max-video-preview:-1"},"canonical":"https:\/\/www.blnpalao.com\/en\/guia-ec-pdf\/","og_locale":"en_GB","og_type":"article","og_title":"GUIA EC PDF - bln palao abogados","og_description":"Archivo en Espa\u00f1olEste documento est\u00e1 protegido por derechos de autor. Su contenido es exclusivamente para lectura dentro de esta p\u00e1gina web. No est\u00e1 permitida su descarga, reproducci\u00f3n, distribuci\u00f3n, impresi\u00f3n ni modificaci\u00f3n total o parcial sin la autorizaci\u00f3n expresa del titular de los derechos.English versionThis document is protected by copyright. Its content is provided exclusively for reading within this website. Downloading, reproduction, distribution, printing, or modification, in whole or in part, is not permitted without the express authorization of the copyright holder.","og_url":"https:\/\/www.blnpalao.com\/en\/guia-ec-pdf\/","og_site_name":"bln palao abogados","article_modified_time":"2026-03-11T08:38:05+00:00","twitter_card":"summary_large_image","schema":{"@context":"https:\/\/schema.org","@graph":[{"@type":"WebPage","@id":"https:\/\/www.blnpalao.com\/guia-ec-pdf\/","url":"https:\/\/www.blnpalao.com\/guia-ec-pdf\/","name":"GUIA EC PDF - bln palao abogados","isPartOf":{"@id":"https:\/\/www.blnpalao.com\/#website"},"datePublished":"2026-03-10T14:58:23+00:00","dateModified":"2026-03-11T08:38:05+00:00","breadcrumb":{"@id":"https:\/\/www.blnpalao.com\/guia-ec-pdf\/#breadcrumb"},"inLanguage":"en-GB","potentialAction":[{"@type":"ReadAction","target":["https:\/\/www.blnpalao.com\/guia-ec-pdf\/"]}]},{"@type":"BreadcrumbList","@id":"https:\/\/www.blnpalao.com\/guia-ec-pdf\/#breadcrumb","itemListElement":[{"@type":"ListItem","position":1,"name":"Portada","item":"https:\/\/www.blnpalao.com\/"},{"@type":"ListItem","position":2,"name":"GUIA EC PDF"}]},{"@type":"WebSite","@id":"https:\/\/www.blnpalao.com\/#website","url":"https:\/\/www.blnpalao.com\/","name":"bln palao abogados","description":"Clearance boutique is unique in the market","potentialAction":[{"@type":"SearchAction","target":{"@type":"EntryPoint","urlTemplate":"https:\/\/www.blnpalao.com\/?s={search_term_string}"},"query-input":{"@type":"PropertyValueSpecification","valueRequired":true,"valueName":"search_term_string"}}],"inLanguage":"en-GB"}]}},"_links":{"self":[{"href":"https:\/\/www.blnpalao.com\/en\/wp-json\/wp\/v2\/pages\/3273","targetHints":{"allow":["GET"]}}],"collection":[{"href":"https:\/\/www.blnpalao.com\/en\/wp-json\/wp\/v2\/pages"}],"about":[{"href":"https:\/\/www.blnpalao.com\/en\/wp-json\/wp\/v2\/types\/page"}],"author":[{"embeddable":true,"href":"https:\/\/www.blnpalao.com\/en\/wp-json\/wp\/v2\/users\/7"}],"replies":[{"embeddable":true,"href":"https:\/\/www.blnpalao.com\/en\/wp-json\/wp\/v2\/comments?post=3273"}],"version-history":[{"count":18,"href":"https:\/\/www.blnpalao.com\/en\/wp-json\/wp\/v2\/pages\/3273\/revisions"}],"predecessor-version":[{"id":3385,"href":"https:\/\/www.blnpalao.com\/en\/wp-json\/wp\/v2\/pages\/3273\/revisions\/3385"}],"wp:attachment":[{"href":"https:\/\/www.blnpalao.com\/en\/wp-json\/wp\/v2\/media?parent=3273"}],"curies":[{"name":"wp","href":"https:\/\/api.w.org\/{rel}","templated":true}]}}